{"id":3110,"date":"2026-03-09T22:12:26","date_gmt":"2026-03-09T21:12:26","guid":{"rendered":"https:\/\/www.baseball-dragons.fr\/?page_id=3110"},"modified":"2026-03-09T22:20:39","modified_gmt":"2026-03-09T21:20:39","slug":"logo","status":"publish","type":"page","link":"https:\/\/www.baseball-dragons.fr\/index.php\/logo\/","title":{"rendered":"Logo"},"content":{"rendered":"<p style=\"text-align: center;\"><a href=\"https:\/\/drive.google.com\/file\/d\/1UYwXlTjhV13O2J-pKTjeo1NfIcBPvAfP\/view?usp=drive_link\" target=\"_blank\" rel=\"noopener\"><img loading=\"lazy\" decoding=\"async\" class=\"aligncenter wp-image-3012\" src=\"http:\/\/www.baseball-dragons.fr\/wp-content\/uploads\/2025\/11\/Nouveau-logo-Astrid-pour-le-web-600.png\" alt=\"\" width=\"264\" height=\"226\" srcset=\"https:\/\/www.baseball-dragons.fr\/wp-content\/uploads\/2025\/11\/Nouveau-logo-Astrid-pour-le-web-600.png 600w, https:\/\/www.baseball-dragons.fr\/wp-content\/uploads\/2025\/11\/Nouveau-logo-Astrid-pour-le-web-600-300x257.png 300w, https:\/\/www.baseball-dragons.fr\/wp-content\/uploads\/2025\/11\/Nouveau-logo-Astrid-pour-le-web-600-128x110.png 128w, https:\/\/www.baseball-dragons.fr\/wp-content\/uploads\/2025\/11\/Nouveau-logo-Astrid-pour-le-web-600-32x27.png 32w, https:\/\/www.baseball-dragons.fr\/wp-content\/uploads\/2025\/11\/Nouveau-logo-Astrid-pour-le-web-600-1x1.png 1w\" sizes=\"auto, (max-width: 264px) 100vw, 264px\" \/><\/a><a href=\"https:\/\/drive.google.com\/file\/d\/1UYwXlTjhV13O2J-pKTjeo1NfIcBPvAfP\/view?usp=drive_link\">TELECHARGER NOTRE NOUVEAU LOGO<\/a><\/p>\n<p>&nbsp;<\/p>\n","protected":false},"excerpt":{"rendered":"<p>TELECHARGER NOTRE NOUVEAU LOGO &nbsp;<\/p>\n","protected":false},"author":11,"featured_media":0,"parent":0,"menu_order":0,"comment_status":"closed","ping_status":"closed","template":"","meta":{"ngg_post_thumbnail":0,"footnotes":""},"class_list":["post-3110","page","type-page","status-publish","hentry"],"yoast_head":"<!-- This site is optimized with the Yoast SEO plugin v26.4 - https:\/\/yoast.com\/wordpress\/plugins\/seo\/ -->\n<title>Logo - Les DRAGONS du Nord-Is\u00e8re - Baseball - Softball<\/title>\n<meta name=\"robots\" content=\"index, follow, max-snippet:-1, max-image-preview:large, max-video-preview:-1\" \/>\n<link rel=\"canonical\" href=\"https:\/\/www.baseball-dragons.fr\/index.php\/logo\/\" \/>\n<meta property=\"og:locale\" content=\"fr_FR\" \/>\n<meta property=\"og:type\" content=\"article\" \/>\n<meta property=\"og:title\" content=\"Logo - Les DRAGONS du Nord-Is\u00e8re - Baseball - Softball\" \/>\n<meta property=\"og:description\" content=\"TELECHARGER NOTRE NOUVEAU LOGO &nbsp;\" \/>\n<meta property=\"og:url\" content=\"https:\/\/www.baseball-dragons.fr\/index.php\/logo\/\" \/>\n<meta property=\"og:site_name\" content=\"Les DRAGONS du Nord-Is\u00e8re - Baseball - Softball\" \/>\n<meta property=\"article:publisher\" content=\"https:\/\/www.facebook.com\/baseballdragonsfr\/\" \/>\n<meta property=\"article:modified_time\" content=\"2026-03-09T21:20:39+00:00\" \/>\n<meta property=\"og:image\" content=\"https:\/\/www.baseball-dragons.fr\/wp-content\/uploads\/2025\/11\/Nouveau-logo-Astrid-pour-le-web-600.png\" \/>\n\t<meta property=\"og:image:width\" content=\"600\" \/>\n\t<meta property=\"og:image:height\" content=\"514\" \/>\n\t<meta property=\"og:image:type\" content=\"image\/png\" \/>\n<meta name=\"twitter:card\" content=\"summary_large_image\" \/>\n<meta name=\"twitter:site\" content=\"@AsvfDragons\" \/>\n<meta name=\"twitter:label1\" content=\"Dur\u00e9e de lecture estim\u00e9e\" \/>\n\t<meta name=\"twitter:data1\" content=\"1 minute\" \/>\n<script type=\"application\/ld+json\" class=\"yoast-schema-graph\">{\"@context\":\"https:\/\/schema.org\",\"@graph\":[{\"@type\":\"WebPage\",\"@id\":\"https:\/\/www.baseball-dragons.fr\/index.php\/logo\/\",\"url\":\"https:\/\/www.baseball-dragons.fr\/index.php\/logo\/\",\"name\":\"Logo - Les DRAGONS du Nord-Is\u00e8re - Baseball - Softball\",\"isPartOf\":{\"@id\":\"https:\/\/www.baseball-dragons.fr\/#website\"},\"primaryImageOfPage\":{\"@id\":\"https:\/\/www.baseball-dragons.fr\/index.php\/logo\/#primaryimage\"},\"image\":{\"@id\":\"https:\/\/www.baseball-dragons.fr\/index.php\/logo\/#primaryimage\"},\"thumbnailUrl\":\"http:\/\/www.baseball-dragons.fr\/wp-content\/uploads\/2025\/11\/Nouveau-logo-Astrid-pour-le-web-600.png\",\"datePublished\":\"2026-03-09T21:12:26+00:00\",\"dateModified\":\"2026-03-09T21:20:39+00:00\",\"breadcrumb\":{\"@id\":\"https:\/\/www.baseball-dragons.fr\/index.php\/logo\/#breadcrumb\"},\"inLanguage\":\"fr-FR\",\"potentialAction\":[{\"@type\":\"ReadAction\",\"target\":[\"https:\/\/www.baseball-dragons.fr\/index.php\/logo\/\"]}]},{\"@type\":\"ImageObject\",\"inLanguage\":\"fr-FR\",\"@id\":\"https:\/\/www.baseball-dragons.fr\/index.php\/logo\/#primaryimage\",\"url\":\"https:\/\/www.baseball-dragons.fr\/wp-content\/uploads\/2025\/11\/Nouveau-logo-Astrid-pour-le-web-600.png\",\"contentUrl\":\"https:\/\/www.baseball-dragons.fr\/wp-content\/uploads\/2025\/11\/Nouveau-logo-Astrid-pour-le-web-600.png\",\"width\":600,\"height\":514},{\"@type\":\"BreadcrumbList\",\"@id\":\"https:\/\/www.baseball-dragons.fr\/index.php\/logo\/#breadcrumb\",\"itemListElement\":[{\"@type\":\"ListItem\",\"position\":1,\"name\":\"Accueil\",\"item\":\"https:\/\/www.baseball-dragons.fr\/\"},{\"@type\":\"ListItem\",\"position\":2,\"name\":\"Logo\"}]},{\"@type\":\"WebSite\",\"@id\":\"https:\/\/www.baseball-dragons.fr\/#website\",\"url\":\"https:\/\/www.baseball-dragons.fr\/\",\"name\":\"Les DRAGONS du Nord-Is\u00e8re - Baseball - Softball\",\"description\":\"\u00e0 Villefontaine, Saint-Quentin-Fallavier, L&#039;Isle-d&#039;Abeau, La Verpilli\u00e8re ...  Let&#039;s Go Dragons !\",\"publisher\":{\"@id\":\"https:\/\/www.baseball-dragons.fr\/#organization\"},\"potentialAction\":[{\"@type\":\"SearchAction\",\"target\":{\"@type\":\"EntryPoint\",\"urlTemplate\":\"https:\/\/www.baseball-dragons.fr\/?s={search_term_string}\"},\"query-input\":{\"@type\":\"PropertyValueSpecification\",\"valueRequired\":true,\"valueName\":\"search_term_string\"}}],\"inLanguage\":\"fr-FR\"},{\"@type\":\"Organization\",\"@id\":\"https:\/\/www.baseball-dragons.fr\/#organization\",\"name\":\"LES DRAGONS\",\"url\":\"https:\/\/www.baseball-dragons.fr\/\",\"logo\":{\"@type\":\"ImageObject\",\"inLanguage\":\"fr-FR\",\"@id\":\"https:\/\/www.baseball-dragons.fr\/#\/schema\/logo\/image\/\",\"url\":\"https:\/\/www.baseball-dragons.fr\/wp-content\/uploads\/2019\/04\/Logo_ASVF.gif\",\"contentUrl\":\"https:\/\/www.baseball-dragons.fr\/wp-content\/uploads\/2019\/04\/Logo_ASVF.gif\",\"width\":448,\"height\":324,\"caption\":\"LES DRAGONS\"},\"image\":{\"@id\":\"https:\/\/www.baseball-dragons.fr\/#\/schema\/logo\/image\/\"},\"sameAs\":[\"https:\/\/www.facebook.com\/baseballdragonsfr\/\",\"https:\/\/x.com\/AsvfDragons\",\"https:\/\/www.instagram.com\/asvfbaseballdragons38090\/\"]}]}<\/script>\n<!-- \/ Yoast SEO plugin. -->","yoast_head_json":{"title":"Logo - Les DRAGONS du Nord-Is\u00e8re - Baseball - Softball","robots":{"index":"index","follow":"follow","max-snippet":"max-snippet:-1","max-image-preview":"max-image-preview:large","max-video-preview":"max-video-preview:-1"},"canonical":"https:\/\/www.baseball-dragons.fr\/index.php\/logo\/","og_locale":"fr_FR","og_type":"article","og_title":"Logo - Les DRAGONS du Nord-Is\u00e8re - Baseball - Softball","og_description":"TELECHARGER NOTRE NOUVEAU LOGO &nbsp;","og_url":"https:\/\/www.baseball-dragons.fr\/index.php\/logo\/","og_site_name":"Les DRAGONS du Nord-Is\u00e8re - Baseball - Softball","article_publisher":"https:\/\/www.facebook.com\/baseballdragonsfr\/","article_modified_time":"2026-03-09T21:20:39+00:00","og_image":[{"width":600,"height":514,"url":"https:\/\/www.baseball-dragons.fr\/wp-content\/uploads\/2025\/11\/Nouveau-logo-Astrid-pour-le-web-600.png","type":"image\/png"}],"twitter_card":"summary_large_image","twitter_site":"@AsvfDragons","twitter_misc":{"Dur\u00e9e de lecture estim\u00e9e":"1 minute"},"schema":{"@context":"https:\/\/schema.org","@graph":[{"@type":"WebPage","@id":"https:\/\/www.baseball-dragons.fr\/index.php\/logo\/","url":"https:\/\/www.baseball-dragons.fr\/index.php\/logo\/","name":"Logo - Les DRAGONS du Nord-Is\u00e8re - Baseball - Softball","isPartOf":{"@id":"https:\/\/www.baseball-dragons.fr\/#website"},"primaryImageOfPage":{"@id":"https:\/\/www.baseball-dragons.fr\/index.php\/logo\/#primaryimage"},"image":{"@id":"https:\/\/www.baseball-dragons.fr\/index.php\/logo\/#primaryimage"},"thumbnailUrl":"http:\/\/www.baseball-dragons.fr\/wp-content\/uploads\/2025\/11\/Nouveau-logo-Astrid-pour-le-web-600.png","datePublished":"2026-03-09T21:12:26+00:00","dateModified":"2026-03-09T21:20:39+00:00","breadcrumb":{"@id":"https:\/\/www.baseball-dragons.fr\/index.php\/logo\/#breadcrumb"},"inLanguage":"fr-FR","potentialAction":[{"@type":"ReadAction","target":["https:\/\/www.baseball-dragons.fr\/index.php\/logo\/"]}]},{"@type":"ImageObject","inLanguage":"fr-FR","@id":"https:\/\/www.baseball-dragons.fr\/index.php\/logo\/#primaryimage","url":"https:\/\/www.baseball-dragons.fr\/wp-content\/uploads\/2025\/11\/Nouveau-logo-Astrid-pour-le-web-600.png","contentUrl":"https:\/\/www.baseball-dragons.fr\/wp-content\/uploads\/2025\/11\/Nouveau-logo-Astrid-pour-le-web-600.png","width":600,"height":514},{"@type":"BreadcrumbList","@id":"https:\/\/www.baseball-dragons.fr\/index.php\/logo\/#breadcrumb","itemListElement":[{"@type":"ListItem","position":1,"name":"Accueil","item":"https:\/\/www.baseball-dragons.fr\/"},{"@type":"ListItem","position":2,"name":"Logo"}]},{"@type":"WebSite","@id":"https:\/\/www.baseball-dragons.fr\/#website","url":"https:\/\/www.baseball-dragons.fr\/","name":"Les DRAGONS du Nord-Is\u00e8re - Baseball - Softball","description":"\u00e0 Villefontaine, Saint-Quentin-Fallavier, L&#039;Isle-d&#039;Abeau, La Verpilli\u00e8re ...  Let&#039;s Go Dragons !","publisher":{"@id":"https:\/\/www.baseball-dragons.fr\/#organization"},"potentialAction":[{"@type":"SearchAction","target":{"@type":"EntryPoint","urlTemplate":"https:\/\/www.baseball-dragons.fr\/?s={search_term_string}"},"query-input":{"@type":"PropertyValueSpecification","valueRequired":true,"valueName":"search_term_string"}}],"inLanguage":"fr-FR"},{"@type":"Organization","@id":"https:\/\/www.baseball-dragons.fr\/#organization","name":"LES DRAGONS","url":"https:\/\/www.baseball-dragons.fr\/","logo":{"@type":"ImageObject","inLanguage":"fr-FR","@id":"https:\/\/www.baseball-dragons.fr\/#\/schema\/logo\/image\/","url":"https:\/\/www.baseball-dragons.fr\/wp-content\/uploads\/2019\/04\/Logo_ASVF.gif","contentUrl":"https:\/\/www.baseball-dragons.fr\/wp-content\/uploads\/2019\/04\/Logo_ASVF.gif","width":448,"height":324,"caption":"LES DRAGONS"},"image":{"@id":"https:\/\/www.baseball-dragons.fr\/#\/schema\/logo\/image\/"},"sameAs":["https:\/\/www.facebook.com\/baseballdragonsfr\/","https:\/\/x.com\/AsvfDragons","https:\/\/www.instagram.com\/asvfbaseballdragons38090\/"]}]}},"jetpack_sharing_enabled":true,"jetpack_shortlink":"https:\/\/wp.me\/P7VhYh-Oa","_links":{"self":[{"href":"https:\/\/www.baseball-dragons.fr\/index.php\/wp-json\/wp\/v2\/pages\/3110","targetHints":{"allow":["GET"]}}],"collection":[{"href":"https:\/\/www.baseball-dragons.fr\/index.php\/wp-json\/wp\/v2\/pages"}],"about":[{"href":"https:\/\/www.baseball-dragons.fr\/index.php\/wp-json\/wp\/v2\/types\/page"}],"author":[{"embeddable":true,"href":"https:\/\/www.baseball-dragons.fr\/index.php\/wp-json\/wp\/v2\/users\/11"}],"replies":[{"embeddable":true,"href":"https:\/\/www.baseball-dragons.fr\/index.php\/wp-json\/wp\/v2\/comments?post=3110"}],"version-history":[{"count":4,"href":"https:\/\/www.baseball-dragons.fr\/index.php\/wp-json\/wp\/v2\/pages\/3110\/revisions"}],"predecessor-version":[{"id":3114,"href":"https:\/\/www.baseball-dragons.fr\/index.php\/wp-json\/wp\/v2\/pages\/3110\/revisions\/3114"}],"wp:attachment":[{"href":"https:\/\/www.baseball-dragons.fr\/index.php\/wp-json\/wp\/v2\/media?parent=3110"}],"curies":[{"name":"wp","href":"https:\/\/api.w.org\/{rel}","templated":true}]}}