{"id":3033,"date":"2025-12-06T09:06:52","date_gmt":"2025-12-06T08:06:52","guid":{"rendered":"https:\/\/www.baseball-dragons.fr\/?page_id=3033"},"modified":"2026-04-20T16:26:11","modified_gmt":"2026-04-20T14:26:11","slug":"don","status":"publish","type":"page","link":"https:\/\/www.baseball-dragons.fr\/index.php\/don\/","title":{"rendered":"Faire un don"},"content":{"rendered":"<p><a href=\"https:\/\/www.helloasso.com\/associations\/les-dragons\/formulaires\/1\"><img loading=\"lazy\" decoding=\"async\" class=\"wp-image-3041 size-large aligncenter\" src=\"http:\/\/www.baseball-dragons.fr\/wp-content\/uploads\/2025\/12\/bANNIERE-DON-dRAGONS-2025-v5-coffre-transparent-bandeau-rouge-2-1024x576.png\" alt=\"\" width=\"654\" height=\"368\" srcset=\"https:\/\/www.baseball-dragons.fr\/wp-content\/uploads\/2025\/12\/bANNIERE-DON-dRAGONS-2025-v5-coffre-transparent-bandeau-rouge-2-1024x576.png 1024w, https:\/\/www.baseball-dragons.fr\/wp-content\/uploads\/2025\/12\/bANNIERE-DON-dRAGONS-2025-v5-coffre-transparent-bandeau-rouge-2-300x169.png 300w, https:\/\/www.baseball-dragons.fr\/wp-content\/uploads\/2025\/12\/bANNIERE-DON-dRAGONS-2025-v5-coffre-transparent-bandeau-rouge-2-768x432.png 768w, https:\/\/www.baseball-dragons.fr\/wp-content\/uploads\/2025\/12\/bANNIERE-DON-dRAGONS-2025-v5-coffre-transparent-bandeau-rouge-2-128x72.png 128w, https:\/\/www.baseball-dragons.fr\/wp-content\/uploads\/2025\/12\/bANNIERE-DON-dRAGONS-2025-v5-coffre-transparent-bandeau-rouge-2-32x18.png 32w, https:\/\/www.baseball-dragons.fr\/wp-content\/uploads\/2025\/12\/bANNIERE-DON-dRAGONS-2025-v5-coffre-transparent-bandeau-rouge-2-2x1.png 2w, https:\/\/www.baseball-dragons.fr\/wp-content\/uploads\/2025\/12\/bANNIERE-DON-dRAGONS-2025-v5-coffre-transparent-bandeau-rouge-2-700x394.png 700w, https:\/\/www.baseball-dragons.fr\/wp-content\/uploads\/2025\/12\/bANNIERE-DON-dRAGONS-2025-v5-coffre-transparent-bandeau-rouge-2.png 1280w\" sizes=\"auto, (max-width: 654px) 100vw, 654px\" \/><\/a><iframe id=\"haWidgetButton\" style=\"width: 100%; height: 70px; border: none;\" src=\"https:\/\/www.helloasso.com\/associations\/les-dragons\/formulaires\/1\/widget-bouton\"><span data-mce-type=\"bookmark\" style=\"display: inline-block; width: 0px; overflow: hidden; line-height: 0;\" class=\"mce_SELRES_start\">\ufeff<\/span><\/iframe><\/p>\n<p style=\"text-align: center;\"><span style=\"font-size: 12pt;\">Contribuez au d\u00e9veloppement des Dragons du Nord Is\u00e8re et <span style=\"color: #ff0000;\"><strong>b\u00e9n\u00e9ficiez ainsi d&rsquo;une DEDUCTION FISCALE de 66%<\/strong><\/span> sur votre don!<\/span><\/p>\n<p style=\"text-align: center;\"><span style=\"font-size: 12pt;\"><strong>Comment \u00e7a marche&nbsp;?<br \/>\n<\/strong><\/span><span style=\"font-size: 12pt;\">RDV sur ce lien (lien \u00e9galement disponible dans le menu du site internet)<br \/>\n<\/span><span style=\"font-size: 12pt;\">Faites votre don et recevez un re\u00e7u fiscal<br \/>\n<\/span><span style=\"font-size: 12pt;\">D\u00e9clarez la somme dans la case <strong>7UF<\/strong> de votre d\u00e9claration d\u2019imp\u00f4ts<\/span><\/p>\n<p style=\"text-align: center;\"><iframe id=\"haWidgetLight\" style=\"width: clamp(900px, 100%, 40rem); margin: 0 auto; border: none;\" src=\"https:\/\/www.helloasso.com\/associations\/les-dragons\/formulaires\/1\/widget?view=form\" scrolling=\"auto\"><\/iframe><\/p>\n<p style=\"text-align: center;\"><span style=\"font-size: 12pt;\"><strong>A quoi \u00e7a sert&nbsp;?<br \/>\n<\/strong>Donner aux Dragons, c&rsquo;est aider :<br \/>\n<\/span><span style=\"font-size: 12pt;\">\u00e0 la formation de nos jeunes<br \/>\n<\/span><span style=\"font-size: 12pt;\">\u00e0 l&rsquo;organisation des tournois<br \/>\n<\/span><span style=\"font-size: 12pt;\">\u00e0 l&rsquo;accompagnement de toutes les \u00e9quipes dans leur championnat<\/span><\/p>\n<p style=\"text-align: center;\"><span style=\"font-size: 12pt;\">C&rsquo;est aussi soutenir des actions concr\u00e8tes pour am\u00e9liorer la qualit\u00e9 des infrastructures d&rsquo;entra\u00eenement, le mat\u00e9riel, le confort de la base et bien d&rsquo;autres initiatives essentielles \u00e0 l&rsquo;essor du club. <\/span><br \/>\n<span style=\"font-size: 12pt;\">Vous voulez conna\u00eetre les projets des Dragons&nbsp;? Retrouvez ici le <a href=\"https:\/\/drive.google.com\/file\/d\/1qkfebIyZ-_O81TkKSSxalXRMDaWrxeol\/view?usp=sharing\"><strong>plan de d\u00e9veloppement<\/strong><\/a> du club<\/span><\/p>\n<p style=\"text-align: center;\"><span style=\"font-size: 12pt;\"><strong>N\u2019h\u00e9sitez pas \u00e0 partager le lien aupr\u00e8s de vos proches.<\/strong><\/span><\/p>\n<p style=\"text-align: center;\"><span style=\"font-size: 12pt;\"><strong>Chaque geste compte !<\/strong><\/span><\/p>\n","protected":false},"excerpt":{"rendered":"<p>\ufeff Contribuez au d\u00e9veloppement des Dragons du Nord Is\u00e8re et b\u00e9n\u00e9ficiez ainsi d&rsquo;une DEDUCTION FISCALE de 66% sur votre don! Comment \u00e7a marche&nbsp;? RDV sur ce lien (lien \u00e9galement disponible dans le menu du site internet) Faites votre don et recevez un re\u00e7u fiscal D\u00e9clarez la somme dans la case 7UF de votre d\u00e9claration d\u2019imp\u00f4ts [&hellip;]<\/p>\n","protected":false},"author":11,"featured_media":0,"parent":0,"menu_order":0,"comment_status":"closed","ping_status":"closed","template":"","meta":{"ngg_post_thumbnail":0,"footnotes":""},"class_list":["post-3033","page","type-page","status-publish","hentry"],"yoast_head":"<!-- This site is optimized with the Yoast SEO plugin v26.4 - https:\/\/yoast.com\/wordpress\/plugins\/seo\/ -->\n<title>Faire un don - Les DRAGONS du Nord-Is\u00e8re - Baseball - Softball<\/title>\n<meta name=\"robots\" content=\"index, follow, max-snippet:-1, max-image-preview:large, max-video-preview:-1\" \/>\n<link rel=\"canonical\" href=\"https:\/\/www.baseball-dragons.fr\/index.php\/don\/\" \/>\n<meta property=\"og:locale\" content=\"fr_FR\" \/>\n<meta property=\"og:type\" content=\"article\" \/>\n<meta property=\"og:title\" content=\"Faire un don - Les DRAGONS du Nord-Is\u00e8re - Baseball - Softball\" \/>\n<meta property=\"og:description\" content=\"\ufeff Contribuez au d\u00e9veloppement des Dragons du Nord Is\u00e8re et b\u00e9n\u00e9ficiez ainsi d&rsquo;une DEDUCTION FISCALE de 66% sur votre don! Comment \u00e7a marche&nbsp;? RDV sur ce lien (lien \u00e9galement disponible dans le menu du site internet) Faites votre don et recevez un re\u00e7u fiscal D\u00e9clarez la somme dans la case 7UF de votre d\u00e9claration d\u2019imp\u00f4ts [&hellip;]\" \/>\n<meta property=\"og:url\" content=\"https:\/\/www.baseball-dragons.fr\/index.php\/don\/\" \/>\n<meta property=\"og:site_name\" content=\"Les DRAGONS du Nord-Is\u00e8re - Baseball - Softball\" \/>\n<meta property=\"article:publisher\" content=\"https:\/\/www.facebook.com\/baseballdragonsfr\/\" \/>\n<meta property=\"article:modified_time\" content=\"2026-04-20T14:26:11+00:00\" \/>\n<meta property=\"og:image\" content=\"https:\/\/www.baseball-dragons.fr\/wp-content\/uploads\/2025\/12\/bANNIERE-DON-dRAGONS-2025-v5-coffre-transparent-bandeau-rouge-2.png\" \/>\n\t<meta property=\"og:image:width\" content=\"1280\" \/>\n\t<meta property=\"og:image:height\" content=\"720\" \/>\n\t<meta property=\"og:image:type\" content=\"image\/png\" \/>\n<meta name=\"twitter:card\" content=\"summary_large_image\" \/>\n<meta name=\"twitter:site\" content=\"@AsvfDragons\" \/>\n<meta name=\"twitter:label1\" content=\"Dur\u00e9e de lecture estim\u00e9e\" \/>\n\t<meta name=\"twitter:data1\" content=\"1 minute\" \/>\n<script type=\"application\/ld+json\" class=\"yoast-schema-graph\">{\"@context\":\"https:\/\/schema.org\",\"@graph\":[{\"@type\":\"WebPage\",\"@id\":\"https:\/\/www.baseball-dragons.fr\/index.php\/don\/\",\"url\":\"https:\/\/www.baseball-dragons.fr\/index.php\/don\/\",\"name\":\"Faire un don - Les DRAGONS du Nord-Is\u00e8re - Baseball - Softball\",\"isPartOf\":{\"@id\":\"https:\/\/www.baseball-dragons.fr\/#website\"},\"primaryImageOfPage\":{\"@id\":\"https:\/\/www.baseball-dragons.fr\/index.php\/don\/#primaryimage\"},\"image\":{\"@id\":\"https:\/\/www.baseball-dragons.fr\/index.php\/don\/#primaryimage\"},\"thumbnailUrl\":\"http:\/\/www.baseball-dragons.fr\/wp-content\/uploads\/2025\/12\/bANNIERE-DON-dRAGONS-2025-v5-coffre-transparent-bandeau-rouge-2-1024x576.png\",\"datePublished\":\"2025-12-06T08:06:52+00:00\",\"dateModified\":\"2026-04-20T14:26:11+00:00\",\"breadcrumb\":{\"@id\":\"https:\/\/www.baseball-dragons.fr\/index.php\/don\/#breadcrumb\"},\"inLanguage\":\"fr-FR\",\"potentialAction\":[{\"@type\":\"ReadAction\",\"target\":[\"https:\/\/www.baseball-dragons.fr\/index.php\/don\/\"]}]},{\"@type\":\"ImageObject\",\"inLanguage\":\"fr-FR\",\"@id\":\"https:\/\/www.baseball-dragons.fr\/index.php\/don\/#primaryimage\",\"url\":\"https:\/\/www.baseball-dragons.fr\/wp-content\/uploads\/2025\/12\/bANNIERE-DON-dRAGONS-2025-v5-coffre-transparent-bandeau-rouge-2.png\",\"contentUrl\":\"https:\/\/www.baseball-dragons.fr\/wp-content\/uploads\/2025\/12\/bANNIERE-DON-dRAGONS-2025-v5-coffre-transparent-bandeau-rouge-2.png\",\"width\":1280,\"height\":720},{\"@type\":\"BreadcrumbList\",\"@id\":\"https:\/\/www.baseball-dragons.fr\/index.php\/don\/#breadcrumb\",\"itemListElement\":[{\"@type\":\"ListItem\",\"position\":1,\"name\":\"Accueil\",\"item\":\"https:\/\/www.baseball-dragons.fr\/\"},{\"@type\":\"ListItem\",\"position\":2,\"name\":\"Faire un don\"}]},{\"@type\":\"WebSite\",\"@id\":\"https:\/\/www.baseball-dragons.fr\/#website\",\"url\":\"https:\/\/www.baseball-dragons.fr\/\",\"name\":\"Les DRAGONS du Nord-Is\u00e8re - Baseball - Softball\",\"description\":\"\u00e0 Villefontaine, Saint-Quentin-Fallavier, L&#039;Isle-d&#039;Abeau, La Verpilli\u00e8re ...  Let&#039;s Go Dragons !\",\"publisher\":{\"@id\":\"https:\/\/www.baseball-dragons.fr\/#organization\"},\"potentialAction\":[{\"@type\":\"SearchAction\",\"target\":{\"@type\":\"EntryPoint\",\"urlTemplate\":\"https:\/\/www.baseball-dragons.fr\/?s={search_term_string}\"},\"query-input\":{\"@type\":\"PropertyValueSpecification\",\"valueRequired\":true,\"valueName\":\"search_term_string\"}}],\"inLanguage\":\"fr-FR\"},{\"@type\":\"Organization\",\"@id\":\"https:\/\/www.baseball-dragons.fr\/#organization\",\"name\":\"LES DRAGONS\",\"url\":\"https:\/\/www.baseball-dragons.fr\/\",\"logo\":{\"@type\":\"ImageObject\",\"inLanguage\":\"fr-FR\",\"@id\":\"https:\/\/www.baseball-dragons.fr\/#\/schema\/logo\/image\/\",\"url\":\"https:\/\/www.baseball-dragons.fr\/wp-content\/uploads\/2019\/04\/Logo_ASVF.gif\",\"contentUrl\":\"https:\/\/www.baseball-dragons.fr\/wp-content\/uploads\/2019\/04\/Logo_ASVF.gif\",\"width\":448,\"height\":324,\"caption\":\"LES DRAGONS\"},\"image\":{\"@id\":\"https:\/\/www.baseball-dragons.fr\/#\/schema\/logo\/image\/\"},\"sameAs\":[\"https:\/\/www.facebook.com\/baseballdragonsfr\/\",\"https:\/\/x.com\/AsvfDragons\",\"https:\/\/www.instagram.com\/asvfbaseballdragons38090\/\"]}]}<\/script>\n<!-- \/ Yoast SEO plugin. -->","yoast_head_json":{"title":"Faire un don - Les DRAGONS du Nord-Is\u00e8re - Baseball - Softball","robots":{"index":"index","follow":"follow","max-snippet":"max-snippet:-1","max-image-preview":"max-image-preview:large","max-video-preview":"max-video-preview:-1"},"canonical":"https:\/\/www.baseball-dragons.fr\/index.php\/don\/","og_locale":"fr_FR","og_type":"article","og_title":"Faire un don - Les DRAGONS du Nord-Is\u00e8re - Baseball - Softball","og_description":"\ufeff Contribuez au d\u00e9veloppement des Dragons du Nord Is\u00e8re et b\u00e9n\u00e9ficiez ainsi d&rsquo;une DEDUCTION FISCALE de 66% sur votre don! Comment \u00e7a marche&nbsp;? RDV sur ce lien (lien \u00e9galement disponible dans le menu du site internet) Faites votre don et recevez un re\u00e7u fiscal D\u00e9clarez la somme dans la case 7UF de votre d\u00e9claration d\u2019imp\u00f4ts [&hellip;]","og_url":"https:\/\/www.baseball-dragons.fr\/index.php\/don\/","og_site_name":"Les DRAGONS du Nord-Is\u00e8re - Baseball - Softball","article_publisher":"https:\/\/www.facebook.com\/baseballdragonsfr\/","article_modified_time":"2026-04-20T14:26:11+00:00","og_image":[{"width":1280,"height":720,"url":"https:\/\/www.baseball-dragons.fr\/wp-content\/uploads\/2025\/12\/bANNIERE-DON-dRAGONS-2025-v5-coffre-transparent-bandeau-rouge-2.png","type":"image\/png"}],"twitter_card":"summary_large_image","twitter_site":"@AsvfDragons","twitter_misc":{"Dur\u00e9e de lecture estim\u00e9e":"1 minute"},"schema":{"@context":"https:\/\/schema.org","@graph":[{"@type":"WebPage","@id":"https:\/\/www.baseball-dragons.fr\/index.php\/don\/","url":"https:\/\/www.baseball-dragons.fr\/index.php\/don\/","name":"Faire un don - Les DRAGONS du Nord-Is\u00e8re - Baseball - Softball","isPartOf":{"@id":"https:\/\/www.baseball-dragons.fr\/#website"},"primaryImageOfPage":{"@id":"https:\/\/www.baseball-dragons.fr\/index.php\/don\/#primaryimage"},"image":{"@id":"https:\/\/www.baseball-dragons.fr\/index.php\/don\/#primaryimage"},"thumbnailUrl":"http:\/\/www.baseball-dragons.fr\/wp-content\/uploads\/2025\/12\/bANNIERE-DON-dRAGONS-2025-v5-coffre-transparent-bandeau-rouge-2-1024x576.png","datePublished":"2025-12-06T08:06:52+00:00","dateModified":"2026-04-20T14:26:11+00:00","breadcrumb":{"@id":"https:\/\/www.baseball-dragons.fr\/index.php\/don\/#breadcrumb"},"inLanguage":"fr-FR","potentialAction":[{"@type":"ReadAction","target":["https:\/\/www.baseball-dragons.fr\/index.php\/don\/"]}]},{"@type":"ImageObject","inLanguage":"fr-FR","@id":"https:\/\/www.baseball-dragons.fr\/index.php\/don\/#primaryimage","url":"https:\/\/www.baseball-dragons.fr\/wp-content\/uploads\/2025\/12\/bANNIERE-DON-dRAGONS-2025-v5-coffre-transparent-bandeau-rouge-2.png","contentUrl":"https:\/\/www.baseball-dragons.fr\/wp-content\/uploads\/2025\/12\/bANNIERE-DON-dRAGONS-2025-v5-coffre-transparent-bandeau-rouge-2.png","width":1280,"height":720},{"@type":"BreadcrumbList","@id":"https:\/\/www.baseball-dragons.fr\/index.php\/don\/#breadcrumb","itemListElement":[{"@type":"ListItem","position":1,"name":"Accueil","item":"https:\/\/www.baseball-dragons.fr\/"},{"@type":"ListItem","position":2,"name":"Faire un don"}]},{"@type":"WebSite","@id":"https:\/\/www.baseball-dragons.fr\/#website","url":"https:\/\/www.baseball-dragons.fr\/","name":"Les DRAGONS du Nord-Is\u00e8re - Baseball - Softball","description":"\u00e0 Villefontaine, Saint-Quentin-Fallavier, L&#039;Isle-d&#039;Abeau, La Verpilli\u00e8re ...  Let&#039;s Go Dragons !","publisher":{"@id":"https:\/\/www.baseball-dragons.fr\/#organization"},"potentialAction":[{"@type":"SearchAction","target":{"@type":"EntryPoint","urlTemplate":"https:\/\/www.baseball-dragons.fr\/?s={search_term_string}"},"query-input":{"@type":"PropertyValueSpecification","valueRequired":true,"valueName":"search_term_string"}}],"inLanguage":"fr-FR"},{"@type":"Organization","@id":"https:\/\/www.baseball-dragons.fr\/#organization","name":"LES DRAGONS","url":"https:\/\/www.baseball-dragons.fr\/","logo":{"@type":"ImageObject","inLanguage":"fr-FR","@id":"https:\/\/www.baseball-dragons.fr\/#\/schema\/logo\/image\/","url":"https:\/\/www.baseball-dragons.fr\/wp-content\/uploads\/2019\/04\/Logo_ASVF.gif","contentUrl":"https:\/\/www.baseball-dragons.fr\/wp-content\/uploads\/2019\/04\/Logo_ASVF.gif","width":448,"height":324,"caption":"LES DRAGONS"},"image":{"@id":"https:\/\/www.baseball-dragons.fr\/#\/schema\/logo\/image\/"},"sameAs":["https:\/\/www.facebook.com\/baseballdragonsfr\/","https:\/\/x.com\/AsvfDragons","https:\/\/www.instagram.com\/asvfbaseballdragons38090\/"]}]}},"jetpack_sharing_enabled":true,"jetpack_shortlink":"https:\/\/wp.me\/P7VhYh-MV","_links":{"self":[{"href":"https:\/\/www.baseball-dragons.fr\/index.php\/wp-json\/wp\/v2\/pages\/3033","targetHints":{"allow":["GET"]}}],"collection":[{"href":"https:\/\/www.baseball-dragons.fr\/index.php\/wp-json\/wp\/v2\/pages"}],"about":[{"href":"https:\/\/www.baseball-dragons.fr\/index.php\/wp-json\/wp\/v2\/types\/page"}],"author":[{"embeddable":true,"href":"https:\/\/www.baseball-dragons.fr\/index.php\/wp-json\/wp\/v2\/users\/11"}],"replies":[{"embeddable":true,"href":"https:\/\/www.baseball-dragons.fr\/index.php\/wp-json\/wp\/v2\/comments?post=3033"}],"version-history":[{"count":14,"href":"https:\/\/www.baseball-dragons.fr\/index.php\/wp-json\/wp\/v2\/pages\/3033\/revisions"}],"predecessor-version":[{"id":3130,"href":"https:\/\/www.baseball-dragons.fr\/index.php\/wp-json\/wp\/v2\/pages\/3033\/revisions\/3130"}],"wp:attachment":[{"href":"https:\/\/www.baseball-dragons.fr\/index.php\/wp-json\/wp\/v2\/media?parent=3033"}],"curies":[{"name":"wp","href":"https:\/\/api.w.org\/{rel}","templated":true}]}}