{"id":2658,"date":"2024-09-16T22:04:02","date_gmt":"2024-09-16T20:04:02","guid":{"rendered":"https:\/\/www.baseball-dragons.fr\/?page_id=2658"},"modified":"2025-05-05T10:32:04","modified_gmt":"2025-05-05T08:32:04","slug":"boutique","status":"publish","type":"page","link":"https:\/\/www.baseball-dragons.fr\/index.php\/boutique\/","title":{"rendered":"Boutique"},"content":{"rendered":"<p><img loading=\"lazy\" decoding=\"async\" class=\"size-medium wp-image-2670 aligncenter\" src=\"http:\/\/www.baseball-dragons.fr\/wp-content\/uploads\/2024\/09\/Montage-logo-dragons-boutique-300x208.png\" alt=\"\" width=\"300\" height=\"208\" srcset=\"https:\/\/www.baseball-dragons.fr\/wp-content\/uploads\/2024\/09\/Montage-logo-dragons-boutique-300x208.png 300w, https:\/\/www.baseball-dragons.fr\/wp-content\/uploads\/2024\/09\/Montage-logo-dragons-boutique-768x532.png 768w, https:\/\/www.baseball-dragons.fr\/wp-content\/uploads\/2024\/09\/Montage-logo-dragons-boutique-128x89.png 128w, https:\/\/www.baseball-dragons.fr\/wp-content\/uploads\/2024\/09\/Montage-logo-dragons-boutique-32x22.png 32w, https:\/\/www.baseball-dragons.fr\/wp-content\/uploads\/2024\/09\/Montage-logo-dragons-boutique-1x1.png 1w, https:\/\/www.baseball-dragons.fr\/wp-content\/uploads\/2024\/09\/Montage-logo-dragons-boutique.png 889w\" sizes=\"auto, (max-width: 300px) 100vw, 300px\" \/><\/p>\n<p style=\"text-align: center;\"><span style=\"font-size: 18.6667px;\"><b>LA BOUTIQUE REOUVRIRA EN SEPTEMBRE !<\/b><\/span><\/p>\n<p style=\"text-align: center;\"><iframe id=\"haWidget\" style=\"width: 100%; height: 750px; border: none;\" src=\"https:\/\/www.helloasso.com\/associations\/les-dragons\/boutiques\/notre-boutique-de-textile-nouvelle-saison-2025\/widget\" scrolling=\"auto\"><\/iframe><\/p>\n","protected":false},"excerpt":{"rendered":"<p>LA BOUTIQUE REOUVRIRA EN SEPTEMBRE !<\/p>\n","protected":false},"author":11,"featured_media":0,"parent":0,"menu_order":0,"comment_status":"closed","ping_status":"closed","template":"","meta":{"ngg_post_thumbnail":0,"footnotes":""},"class_list":["post-2658","page","type-page","status-publish","hentry"],"yoast_head":"<!-- This site is optimized with the Yoast SEO plugin v26.4 - https:\/\/yoast.com\/wordpress\/plugins\/seo\/ -->\n<title>Boutique - Les DRAGONS du Nord-Is\u00e8re - Baseball - Softball<\/title>\n<meta name=\"robots\" content=\"index, follow, max-snippet:-1, max-image-preview:large, max-video-preview:-1\" \/>\n<link rel=\"canonical\" href=\"http:\/\/www.baseball-dragons.fr\/index.php\/boutique\/\" \/>\n<meta property=\"og:locale\" content=\"fr_FR\" \/>\n<meta property=\"og:type\" content=\"article\" \/>\n<meta property=\"og:title\" content=\"Boutique - Les DRAGONS du Nord-Is\u00e8re - Baseball - Softball\" \/>\n<meta property=\"og:description\" content=\"LA BOUTIQUE REOUVRIRA EN SEPTEMBRE !\" \/>\n<meta property=\"og:url\" content=\"http:\/\/www.baseball-dragons.fr\/index.php\/boutique\/\" \/>\n<meta property=\"og:site_name\" content=\"Les DRAGONS du Nord-Is\u00e8re - Baseball - Softball\" \/>\n<meta property=\"article:publisher\" content=\"https:\/\/www.facebook.com\/baseballdragonsfr\/\" \/>\n<meta property=\"article:modified_time\" content=\"2025-05-05T08:32:04+00:00\" \/>\n<meta property=\"og:image\" content=\"http:\/\/www.baseball-dragons.fr\/wp-content\/uploads\/2024\/09\/Montage-logo-dragons-boutique-300x208.png\" \/>\n<meta name=\"twitter:card\" content=\"summary_large_image\" \/>\n<meta name=\"twitter:site\" content=\"@AsvfDragons\" \/>\n<meta name=\"twitter:label1\" content=\"Dur\u00e9e de lecture estim\u00e9e\" \/>\n\t<meta name=\"twitter:data1\" content=\"1 minute\" \/>\n<script type=\"application\/ld+json\" class=\"yoast-schema-graph\">{\"@context\":\"https:\/\/schema.org\",\"@graph\":[{\"@type\":\"WebPage\",\"@id\":\"http:\/\/www.baseball-dragons.fr\/index.php\/boutique\/\",\"url\":\"http:\/\/www.baseball-dragons.fr\/index.php\/boutique\/\",\"name\":\"Boutique - Les DRAGONS du Nord-Is\u00e8re - Baseball - Softball\",\"isPartOf\":{\"@id\":\"https:\/\/www.baseball-dragons.fr\/#website\"},\"primaryImageOfPage\":{\"@id\":\"http:\/\/www.baseball-dragons.fr\/index.php\/boutique\/#primaryimage\"},\"image\":{\"@id\":\"http:\/\/www.baseball-dragons.fr\/index.php\/boutique\/#primaryimage\"},\"thumbnailUrl\":\"http:\/\/www.baseball-dragons.fr\/wp-content\/uploads\/2024\/09\/Montage-logo-dragons-boutique-300x208.png\",\"datePublished\":\"2024-09-16T20:04:02+00:00\",\"dateModified\":\"2025-05-05T08:32:04+00:00\",\"breadcrumb\":{\"@id\":\"http:\/\/www.baseball-dragons.fr\/index.php\/boutique\/#breadcrumb\"},\"inLanguage\":\"fr-FR\",\"potentialAction\":[{\"@type\":\"ReadAction\",\"target\":[\"http:\/\/www.baseball-dragons.fr\/index.php\/boutique\/\"]}]},{\"@type\":\"ImageObject\",\"inLanguage\":\"fr-FR\",\"@id\":\"http:\/\/www.baseball-dragons.fr\/index.php\/boutique\/#primaryimage\",\"url\":\"https:\/\/www.baseball-dragons.fr\/wp-content\/uploads\/2024\/09\/Montage-logo-dragons-boutique.png\",\"contentUrl\":\"https:\/\/www.baseball-dragons.fr\/wp-content\/uploads\/2024\/09\/Montage-logo-dragons-boutique.png\",\"width\":889,\"height\":616},{\"@type\":\"BreadcrumbList\",\"@id\":\"http:\/\/www.baseball-dragons.fr\/index.php\/boutique\/#breadcrumb\",\"itemListElement\":[{\"@type\":\"ListItem\",\"position\":1,\"name\":\"Accueil\",\"item\":\"https:\/\/www.baseball-dragons.fr\/\"},{\"@type\":\"ListItem\",\"position\":2,\"name\":\"Boutique\"}]},{\"@type\":\"WebSite\",\"@id\":\"https:\/\/www.baseball-dragons.fr\/#website\",\"url\":\"https:\/\/www.baseball-dragons.fr\/\",\"name\":\"Les DRAGONS du Nord-Is\u00e8re - Baseball - Softball\",\"description\":\"\u00e0 Villefontaine, Saint-Quentin-Fallavier, L&#039;Isle-d&#039;Abeau, La Verpilli\u00e8re ...  Let&#039;s Go Dragons !\",\"publisher\":{\"@id\":\"https:\/\/www.baseball-dragons.fr\/#organization\"},\"potentialAction\":[{\"@type\":\"SearchAction\",\"target\":{\"@type\":\"EntryPoint\",\"urlTemplate\":\"https:\/\/www.baseball-dragons.fr\/?s={search_term_string}\"},\"query-input\":{\"@type\":\"PropertyValueSpecification\",\"valueRequired\":true,\"valueName\":\"search_term_string\"}}],\"inLanguage\":\"fr-FR\"},{\"@type\":\"Organization\",\"@id\":\"https:\/\/www.baseball-dragons.fr\/#organization\",\"name\":\"LES DRAGONS\",\"url\":\"https:\/\/www.baseball-dragons.fr\/\",\"logo\":{\"@type\":\"ImageObject\",\"inLanguage\":\"fr-FR\",\"@id\":\"https:\/\/www.baseball-dragons.fr\/#\/schema\/logo\/image\/\",\"url\":\"https:\/\/www.baseball-dragons.fr\/wp-content\/uploads\/2019\/04\/Logo_ASVF.gif\",\"contentUrl\":\"https:\/\/www.baseball-dragons.fr\/wp-content\/uploads\/2019\/04\/Logo_ASVF.gif\",\"width\":448,\"height\":324,\"caption\":\"LES DRAGONS\"},\"image\":{\"@id\":\"https:\/\/www.baseball-dragons.fr\/#\/schema\/logo\/image\/\"},\"sameAs\":[\"https:\/\/www.facebook.com\/baseballdragonsfr\/\",\"https:\/\/x.com\/AsvfDragons\",\"https:\/\/www.instagram.com\/asvfbaseballdragons38090\/\"]}]}<\/script>\n<!-- \/ Yoast SEO plugin. -->","yoast_head_json":{"title":"Boutique - Les DRAGONS du Nord-Is\u00e8re - Baseball - Softball","robots":{"index":"index","follow":"follow","max-snippet":"max-snippet:-1","max-image-preview":"max-image-preview:large","max-video-preview":"max-video-preview:-1"},"canonical":"http:\/\/www.baseball-dragons.fr\/index.php\/boutique\/","og_locale":"fr_FR","og_type":"article","og_title":"Boutique - Les DRAGONS du Nord-Is\u00e8re - Baseball - Softball","og_description":"LA BOUTIQUE REOUVRIRA EN SEPTEMBRE !","og_url":"http:\/\/www.baseball-dragons.fr\/index.php\/boutique\/","og_site_name":"Les DRAGONS du Nord-Is\u00e8re - Baseball - Softball","article_publisher":"https:\/\/www.facebook.com\/baseballdragonsfr\/","article_modified_time":"2025-05-05T08:32:04+00:00","og_image":[{"url":"http:\/\/www.baseball-dragons.fr\/wp-content\/uploads\/2024\/09\/Montage-logo-dragons-boutique-300x208.png","type":"","width":"","height":""}],"twitter_card":"summary_large_image","twitter_site":"@AsvfDragons","twitter_misc":{"Dur\u00e9e de lecture estim\u00e9e":"1 minute"},"schema":{"@context":"https:\/\/schema.org","@graph":[{"@type":"WebPage","@id":"http:\/\/www.baseball-dragons.fr\/index.php\/boutique\/","url":"http:\/\/www.baseball-dragons.fr\/index.php\/boutique\/","name":"Boutique - Les DRAGONS du Nord-Is\u00e8re - Baseball - Softball","isPartOf":{"@id":"https:\/\/www.baseball-dragons.fr\/#website"},"primaryImageOfPage":{"@id":"http:\/\/www.baseball-dragons.fr\/index.php\/boutique\/#primaryimage"},"image":{"@id":"http:\/\/www.baseball-dragons.fr\/index.php\/boutique\/#primaryimage"},"thumbnailUrl":"http:\/\/www.baseball-dragons.fr\/wp-content\/uploads\/2024\/09\/Montage-logo-dragons-boutique-300x208.png","datePublished":"2024-09-16T20:04:02+00:00","dateModified":"2025-05-05T08:32:04+00:00","breadcrumb":{"@id":"http:\/\/www.baseball-dragons.fr\/index.php\/boutique\/#breadcrumb"},"inLanguage":"fr-FR","potentialAction":[{"@type":"ReadAction","target":["http:\/\/www.baseball-dragons.fr\/index.php\/boutique\/"]}]},{"@type":"ImageObject","inLanguage":"fr-FR","@id":"http:\/\/www.baseball-dragons.fr\/index.php\/boutique\/#primaryimage","url":"https:\/\/www.baseball-dragons.fr\/wp-content\/uploads\/2024\/09\/Montage-logo-dragons-boutique.png","contentUrl":"https:\/\/www.baseball-dragons.fr\/wp-content\/uploads\/2024\/09\/Montage-logo-dragons-boutique.png","width":889,"height":616},{"@type":"BreadcrumbList","@id":"http:\/\/www.baseball-dragons.fr\/index.php\/boutique\/#breadcrumb","itemListElement":[{"@type":"ListItem","position":1,"name":"Accueil","item":"https:\/\/www.baseball-dragons.fr\/"},{"@type":"ListItem","position":2,"name":"Boutique"}]},{"@type":"WebSite","@id":"https:\/\/www.baseball-dragons.fr\/#website","url":"https:\/\/www.baseball-dragons.fr\/","name":"Les DRAGONS du Nord-Is\u00e8re - Baseball - Softball","description":"\u00e0 Villefontaine, Saint-Quentin-Fallavier, L&#039;Isle-d&#039;Abeau, La Verpilli\u00e8re ...  Let&#039;s Go Dragons !","publisher":{"@id":"https:\/\/www.baseball-dragons.fr\/#organization"},"potentialAction":[{"@type":"SearchAction","target":{"@type":"EntryPoint","urlTemplate":"https:\/\/www.baseball-dragons.fr\/?s={search_term_string}"},"query-input":{"@type":"PropertyValueSpecification","valueRequired":true,"valueName":"search_term_string"}}],"inLanguage":"fr-FR"},{"@type":"Organization","@id":"https:\/\/www.baseball-dragons.fr\/#organization","name":"LES DRAGONS","url":"https:\/\/www.baseball-dragons.fr\/","logo":{"@type":"ImageObject","inLanguage":"fr-FR","@id":"https:\/\/www.baseball-dragons.fr\/#\/schema\/logo\/image\/","url":"https:\/\/www.baseball-dragons.fr\/wp-content\/uploads\/2019\/04\/Logo_ASVF.gif","contentUrl":"https:\/\/www.baseball-dragons.fr\/wp-content\/uploads\/2019\/04\/Logo_ASVF.gif","width":448,"height":324,"caption":"LES DRAGONS"},"image":{"@id":"https:\/\/www.baseball-dragons.fr\/#\/schema\/logo\/image\/"},"sameAs":["https:\/\/www.facebook.com\/baseballdragonsfr\/","https:\/\/x.com\/AsvfDragons","https:\/\/www.instagram.com\/asvfbaseballdragons38090\/"]}]}},"jetpack_sharing_enabled":true,"jetpack_shortlink":"https:\/\/wp.me\/P7VhYh-GS","_links":{"self":[{"href":"https:\/\/www.baseball-dragons.fr\/index.php\/wp-json\/wp\/v2\/pages\/2658","targetHints":{"allow":["GET"]}}],"collection":[{"href":"https:\/\/www.baseball-dragons.fr\/index.php\/wp-json\/wp\/v2\/pages"}],"about":[{"href":"https:\/\/www.baseball-dragons.fr\/index.php\/wp-json\/wp\/v2\/types\/page"}],"author":[{"embeddable":true,"href":"https:\/\/www.baseball-dragons.fr\/index.php\/wp-json\/wp\/v2\/users\/11"}],"replies":[{"embeddable":true,"href":"https:\/\/www.baseball-dragons.fr\/index.php\/wp-json\/wp\/v2\/comments?post=2658"}],"version-history":[{"count":15,"href":"https:\/\/www.baseball-dragons.fr\/index.php\/wp-json\/wp\/v2\/pages\/2658\/revisions"}],"predecessor-version":[{"id":2818,"href":"https:\/\/www.baseball-dragons.fr\/index.php\/wp-json\/wp\/v2\/pages\/2658\/revisions\/2818"}],"wp:attachment":[{"href":"https:\/\/www.baseball-dragons.fr\/index.php\/wp-json\/wp\/v2\/media?parent=2658"}],"curies":[{"name":"wp","href":"https:\/\/api.w.org\/{rel}","templated":true}]}}