{"id":2307,"date":"2024-06-27T00:40:39","date_gmt":"2024-06-26T22:40:39","guid":{"rendered":"https:\/\/www.baseball-dragons.fr\/?page_id=2307"},"modified":"2025-11-27T22:43:05","modified_gmt":"2025-11-27T21:43:05","slug":"rejoindre-les-dragons","status":"publish","type":"page","link":"https:\/\/www.baseball-dragons.fr\/index.php\/rejoindre-les-dragons\/","title":{"rendered":"Rejoindre les Dragons"},"content":{"rendered":"<p>&nbsp;<\/p>\n<table style=\"height: 63px; width: 100%; border-collapse: collapse;\">\n<tbody>\n<tr style=\"height: 53px;\">\n<td style=\"width: 1158.75px; height: 10px; text-align: center;\"><span style=\"font-size: 18pt; color: #808080;\"><strong><img loading=\"lazy\" decoding=\"async\" class=\"alignnone wp-image-2687 size-full\" src=\"http:\/\/www.baseball-dragons.fr\/wp-content\/uploads\/2024\/09\/formulaire-adhesion-1.jpg\" alt=\"\" width=\"1920\" height=\"342\" srcset=\"https:\/\/www.baseball-dragons.fr\/wp-content\/uploads\/2024\/09\/formulaire-adhesion-1.jpg 1920w, https:\/\/www.baseball-dragons.fr\/wp-content\/uploads\/2024\/09\/formulaire-adhesion-1-300x53.jpg 300w, https:\/\/www.baseball-dragons.fr\/wp-content\/uploads\/2024\/09\/formulaire-adhesion-1-1024x182.jpg 1024w, https:\/\/www.baseball-dragons.fr\/wp-content\/uploads\/2024\/09\/formulaire-adhesion-1-768x137.jpg 768w, https:\/\/www.baseball-dragons.fr\/wp-content\/uploads\/2024\/09\/formulaire-adhesion-1-1536x274.jpg 1536w, https:\/\/www.baseball-dragons.fr\/wp-content\/uploads\/2024\/09\/formulaire-adhesion-1-128x23.jpg 128w, https:\/\/www.baseball-dragons.fr\/wp-content\/uploads\/2024\/09\/formulaire-adhesion-1-32x6.jpg 32w, https:\/\/www.baseball-dragons.fr\/wp-content\/uploads\/2024\/09\/formulaire-adhesion-1-6x1.jpg 6w\" sizes=\"auto, (max-width: 1920px) 100vw, 1920px\" \/><\/strong><\/span><\/p>\n<p><span style=\"color: #808080;\"><strong><span style=\"font-size: 14pt;\">FORMULAIRES D&rsquo;ADHESION EN LIGNE :<\/span><\/strong><\/span><\/p>\n<p><a href=\"https:\/\/form.svhrt.com\/68ab3dde6839087b9c69c8f4\" target=\"_blank\" rel=\"noopener\"><img loading=\"lazy\" decoding=\"async\" class=\"alignnone wp-image-2844\" src=\"http:\/\/www.baseball-dragons.fr\/wp-content\/uploads\/2025\/08\/bouton-adhesion-primo-lic-16-1.png\" alt=\"\" width=\"300\" height=\"88\" srcset=\"https:\/\/www.baseball-dragons.fr\/wp-content\/uploads\/2025\/08\/bouton-adhesion-primo-lic-16-1.png 600w, https:\/\/www.baseball-dragons.fr\/wp-content\/uploads\/2025\/08\/bouton-adhesion-primo-lic-16-1-300x88.png 300w, https:\/\/www.baseball-dragons.fr\/wp-content\/uploads\/2025\/08\/bouton-adhesion-primo-lic-16-1-128x38.png 128w, https:\/\/www.baseball-dragons.fr\/wp-content\/uploads\/2025\/08\/bouton-adhesion-primo-lic-16-1-32x9.png 32w, https:\/\/www.baseball-dragons.fr\/wp-content\/uploads\/2025\/08\/bouton-adhesion-primo-lic-16-1-3x1.png 3w\" sizes=\"auto, (max-width: 300px) 100vw, 300px\" \/><\/a><\/p>\n<p><a href=\"https:\/\/form.svhrt.com\/68abbea56839087b9c6c71cf\" target=\"_blank\" rel=\"noopener\"><img loading=\"lazy\" decoding=\"async\" class=\"alignnone wp-image-2845\" src=\"http:\/\/www.baseball-dragons.fr\/wp-content\/uploads\/2025\/08\/bouton-primo-licencie-16.png\" alt=\"\" width=\"300\" height=\"88\" srcset=\"https:\/\/www.baseball-dragons.fr\/wp-content\/uploads\/2025\/08\/bouton-primo-licencie-16.png 600w, https:\/\/www.baseball-dragons.fr\/wp-content\/uploads\/2025\/08\/bouton-primo-licencie-16-300x88.png 300w, https:\/\/www.baseball-dragons.fr\/wp-content\/uploads\/2025\/08\/bouton-primo-licencie-16-128x38.png 128w, https:\/\/www.baseball-dragons.fr\/wp-content\/uploads\/2025\/08\/bouton-primo-licencie-16-32x9.png 32w, https:\/\/www.baseball-dragons.fr\/wp-content\/uploads\/2025\/08\/bouton-primo-licencie-16-3x1.png 3w\" sizes=\"auto, (max-width: 300px) 100vw, 300px\" \/><\/a><\/p>\n<p><span style=\"font-size: 14pt;\">Si besoin, voici le <strong><a href=\"http:\/\/www.baseball-dragons.fr\/wp-content\/uploads\/2025\/08\/1f.Certificat-medical-modele-2026.pdf\" target=\"_blank\" rel=\"noopener\">Certificat m\u00e9dical 2026 <\/a><\/strong>\u00e0 t\u00e9l\u00e9charger, remplir et transmettre \u00e0 l&rsquo;adresse suivante<br \/>\n<\/span><strong style=\"color: #dd3333; font-size: 14px;\"><span style=\"font-size: 14pt;\"><a style=\"color: #dd3333;\" href=\"https:\/\/drive.google.com\/file\/d\/13kAE0amC-oXEQ8mZ8hExMme3GW8iF9hb\/view?usp=sharing\" target=\"_blank\" rel=\"noopener\">\u21d2<\/a> licences@baseball-dragons.fr<\/span><\/strong><\/p>\n<p style=\"text-align: center;\"><span style=\"font-size: 14pt;\">Besoin d&rsquo;une attestation pour votre CE ?<br \/>\nVoici le document \u00e0 faire tamponner et signer par un dirigeant du Club<\/span><br \/>\n<span style=\"color: #dd3333;\"><strong><span style=\"font-size: 14pt;\"><a style=\"color: #dd3333;\" href=\"https:\/\/drive.google.com\/file\/d\/13kAE0amC-oXEQ8mZ8hExMme3GW8iF9hb\/view?usp=sharing\" target=\"_blank\" rel=\"noopener\">\u21d2 Attestation de paiement<\/a><\/span><\/strong><\/span><\/p>\n<p style=\"text-align: center;\"><span style=\"color: #dd3333;\"><strong><span style=\"font-size: 14pt;\"><a style=\"color: #dd3333;\" href=\"https:\/\/drive.google.com\/file\/d\/1dCw3gSC6YPF7W4MFvEBSas37h489qoU1\/view?usp=sharing\" target=\"_blank\" rel=\"noopener\">&nbsp;\u21d2 T\u00e9l\u00e9chargez la fiche r\u00e9cap d&rsquo;information saison 25\/26&nbsp;<\/a><\/span><\/strong><\/span><\/p>\n<\/td>\n<\/tr>\n<tr style=\"height: 26px;\">\n<td style=\"width: 1158.75px; height: 26px;\"><img loading=\"lazy\" decoding=\"async\" class=\"alignnone wp-image-2510 size-full\" src=\"http:\/\/www.baseball-dragons.fr\/wp-content\/uploads\/2024\/07\/remise-primo-licencies20.jpg\" alt=\"\" width=\"1920\" height=\"600\" srcset=\"https:\/\/www.baseball-dragons.fr\/wp-content\/uploads\/2024\/07\/remise-primo-licencies20.jpg 1920w, https:\/\/www.baseball-dragons.fr\/wp-content\/uploads\/2024\/07\/remise-primo-licencies20-300x94.jpg 300w, https:\/\/www.baseball-dragons.fr\/wp-content\/uploads\/2024\/07\/remise-primo-licencies20-1024x320.jpg 1024w, https:\/\/www.baseball-dragons.fr\/wp-content\/uploads\/2024\/07\/remise-primo-licencies20-768x240.jpg 768w, https:\/\/www.baseball-dragons.fr\/wp-content\/uploads\/2024\/07\/remise-primo-licencies20-1536x480.jpg 1536w, https:\/\/www.baseball-dragons.fr\/wp-content\/uploads\/2024\/07\/remise-primo-licencies20-128x40.jpg 128w, https:\/\/www.baseball-dragons.fr\/wp-content\/uploads\/2024\/07\/remise-primo-licencies20-32x10.jpg 32w, https:\/\/www.baseball-dragons.fr\/wp-content\/uploads\/2024\/07\/remise-primo-licencies20-3x1.jpg 3w\" sizes=\"auto, (max-width: 1920px) 100vw, 1920px\" \/><\/td>\n<\/tr>\n<\/tbody>\n<\/table>\n<p>&nbsp;<\/p>\n<p style=\"text-align: center;\"><strong style=\"font-size: 12pt;\"><span style=\"font-size: 14pt;\">Venez participer<\/span> <span style=\"color: #dd3333; font-size: 24pt;\">GRATUITEMENT<\/span> <span style=\"font-size: 14pt;\">\u00e0 quelques entra\u00eenements<\/span><br \/>\n<span style=\"font-size: 14pt;\">et rejoignez les Dragons !<\/span><\/strong><\/p>\n<p>&nbsp;<\/p>\n<p><img loading=\"lazy\" decoding=\"async\" class=\"aligncenter wp-image-3007 size-full\" src=\"http:\/\/www.baseball-dragons.fr\/wp-content\/uploads\/2025\/11\/horaires-et-Lieux-dentrainements-1.png\" alt=\"\" width=\"2271\" height=\"2230\" srcset=\"https:\/\/www.baseball-dragons.fr\/wp-content\/uploads\/2025\/11\/horaires-et-Lieux-dentrainements-1.png 2271w, https:\/\/www.baseball-dragons.fr\/wp-content\/uploads\/2025\/11\/horaires-et-Lieux-dentrainements-1-300x295.png 300w, https:\/\/www.baseball-dragons.fr\/wp-content\/uploads\/2025\/11\/horaires-et-Lieux-dentrainements-1-1024x1006.png 1024w, https:\/\/www.baseball-dragons.fr\/wp-content\/uploads\/2025\/11\/horaires-et-Lieux-dentrainements-1-768x754.png 768w, https:\/\/www.baseball-dragons.fr\/wp-content\/uploads\/2025\/11\/horaires-et-Lieux-dentrainements-1-1536x1508.png 1536w, https:\/\/www.baseball-dragons.fr\/wp-content\/uploads\/2025\/11\/horaires-et-Lieux-dentrainements-1-2048x2011.png 2048w, https:\/\/www.baseball-dragons.fr\/wp-content\/uploads\/2025\/11\/horaires-et-Lieux-dentrainements-1-128x126.png 128w, https:\/\/www.baseball-dragons.fr\/wp-content\/uploads\/2025\/11\/horaires-et-Lieux-dentrainements-1-32x32.png 32w, https:\/\/www.baseball-dragons.fr\/wp-content\/uploads\/2025\/11\/horaires-et-Lieux-dentrainements-1-1x1.png 1w\" sizes=\"auto, (max-width: 2271px) 100vw, 2271px\" \/><\/p>\n<p style=\"text-align: center;\"><span style=\"font-size: 14pt;\">! Attention l&rsquo;entrainement n&rsquo;a pas toujours lieu au m\u00eame endroit !<\/span><br \/>\n<span style=\"font-size: 14pt;\"><a href=\"https:\/\/www.baseball-dragons.fr\/index.php\/horaires\/\">\u21d2 En savoir plus sur les lieux de pratique (adresse, acc\u00e8s, parking&#8230;)<\/a><\/span><\/p>\n<p><img loading=\"lazy\" decoding=\"async\" class=\"aligncenter size-full wp-image-3003\" src=\"http:\/\/www.baseball-dragons.fr\/wp-content\/uploads\/2025\/11\/premiers-entrainements-et-adresses.png\" alt=\"\" width=\"1175\" height=\"283\" srcset=\"https:\/\/www.baseball-dragons.fr\/wp-content\/uploads\/2025\/11\/premiers-entrainements-et-adresses.png 1175w, https:\/\/www.baseball-dragons.fr\/wp-content\/uploads\/2025\/11\/premiers-entrainements-et-adresses-300x72.png 300w, https:\/\/www.baseball-dragons.fr\/wp-content\/uploads\/2025\/11\/premiers-entrainements-et-adresses-1024x247.png 1024w, https:\/\/www.baseball-dragons.fr\/wp-content\/uploads\/2025\/11\/premiers-entrainements-et-adresses-768x185.png 768w, https:\/\/www.baseball-dragons.fr\/wp-content\/uploads\/2025\/11\/premiers-entrainements-et-adresses-128x31.png 128w, https:\/\/www.baseball-dragons.fr\/wp-content\/uploads\/2025\/11\/premiers-entrainements-et-adresses-32x8.png 32w, https:\/\/www.baseball-dragons.fr\/wp-content\/uploads\/2025\/11\/premiers-entrainements-et-adresses-4x1.png 4w\" sizes=\"auto, (max-width: 1175px) 100vw, 1175px\" \/><\/p>\n<hr>\n<p>&nbsp;<\/p>\n<p style=\"text-align: center;\"><strong><span style=\"font-size: 14pt; color: #dd3333;\">Le baseball c&rsquo;est aussi pour les filles !<\/span><\/strong><br \/>\n<span style=\"font-size: 14pt;\">Un dispositif lanc\u00e9 par la F\u00e9d\u00e9ration vise \u00e0 promouvoir la pratique du Baseball et du Softball pour les jeunes filles.<\/span><br \/>\n<span style=\"font-size: 14pt;\">*Chaque ann\u00e9e, \u00e0 partir du 1er septembre, les 200 premi\u00e8res nouvelles licenci\u00e9es de 18 ans et moins inscrite dans un club affili\u00e9 \u00e0 la F\u00e9d\u00e9ration se voit offrir un gant de Baseball\/Softball.<\/span><\/p>\n<p style=\"text-align: center;\"><span style=\"font-size: 14pt;\">Le club compte de nombreuses p\u00e9pites f\u00e9minines. Rejoignez nos Dragonnes !<\/span><\/p>\n<p style=\"text-align: center;\"><a href=\"https:\/\/417feet.com\/178-prends-toi-au-jeu\"><img loading=\"lazy\" decoding=\"async\" class=\"alignnone wp-image-2906 size-full\" src=\"http:\/\/www.baseball-dragons.fr\/wp-content\/uploads\/2025\/09\/prends-toi-au-jeu.jpg\" alt=\"\" width=\"1100\" height=\"380\" srcset=\"https:\/\/www.baseball-dragons.fr\/wp-content\/uploads\/2025\/09\/prends-toi-au-jeu.jpg 1100w, https:\/\/www.baseball-dragons.fr\/wp-content\/uploads\/2025\/09\/prends-toi-au-jeu-300x104.jpg 300w, https:\/\/www.baseball-dragons.fr\/wp-content\/uploads\/2025\/09\/prends-toi-au-jeu-1024x354.jpg 1024w, https:\/\/www.baseball-dragons.fr\/wp-content\/uploads\/2025\/09\/prends-toi-au-jeu-768x265.jpg 768w, https:\/\/www.baseball-dragons.fr\/wp-content\/uploads\/2025\/09\/prends-toi-au-jeu-128x44.jpg 128w, https:\/\/www.baseball-dragons.fr\/wp-content\/uploads\/2025\/09\/prends-toi-au-jeu-32x11.jpg 32w, https:\/\/www.baseball-dragons.fr\/wp-content\/uploads\/2025\/09\/prends-toi-au-jeu-3x1.jpg 3w\" sizes=\"auto, (max-width: 1100px) 100vw, 1100px\" \/><\/a><\/p>\n<p style=\"text-align: center;\"><strong><span style=\"font-size: 14pt;\">UN<\/span> <span style=\"color: #dd3333;\"><span style=\"font-size: 24pt;\">GANT<\/span> <span style=\"font-size: 24pt;\">OFF<\/span><\/span><\/strong><strong><span style=\"font-size: 24pt; color: #dd3333;\">ERT*<\/span> <span style=\"font-size: 14pt;\">AUX NOUVELLES LICENCI\u00c9ES de 15 ans et moins !<\/span><\/strong><\/p>\n<hr>\n<p style=\"text-align: center;\"><span style=\"color: #dd3333; font-size: 14pt;\"><strong><span style=\"text-decoration: underline;\">AIDES &amp; MOYENS DE PAIEMENTS<\/span><\/strong><\/span><\/p>\n<p style=\"text-align: center;\"><span style=\"font-size: 14pt;\">Moyens de paiement accept\u00e9s :<span style=\"text-decoration: underline;\"><br \/>\n<\/span>Ch\u00e8ques<\/span><br \/>\n<span style=\"font-size: 14pt;\">Ch\u00e8ques ANCV<\/span><br \/>\n<span style=\"font-size: 14pt;\">Esp\u00e8ces<\/span><br \/>\n<span style=\"font-size: 14pt;\">CB<\/span><\/p>\n<p style=\"text-align: center;\"><span style=\"font-size: 14pt;\">Les aides :<span style=\"text-decoration: underline;\"><br \/>\n<\/span>Le saviez-vous? Il existe plusieurs aides permettant de financer votre licence.<\/span><br \/>\n<span style=\"font-size: 14pt;\">Les Dragons du Nord Is\u00e8re sont partenaires de ces diff\u00e9rents dispositifs.<\/span><\/p>\nngg_shortcode_0_placeholder\n<table style=\"border-collapse: collapse; width: 100%; height: 212px;\">\n<tbody>\n<tr style=\"height: 26px;\">\n<td style=\"width: 33.3333%; height: 26px; text-align: center;\"><span style=\"font-size: 12pt;\"><a href=\"https:\/\/www.pass.sports.gouv.fr\/\">Pass\u2019Sport<\/a><\/span><\/td>\n<td style=\"width: 33.3333%; height: 26px; text-align: center;\"><span style=\"font-size: 12pt;\"><a href=\"https:\/\/www.isere.fr\/carte-tattoo\">Carte Tatoo<\/a><\/span><\/td>\n<td style=\"width: 33.3333%; height: 26px; text-align: center;\"><span style=\"font-size: 12pt;\"><a href=\"https:\/\/www.auvergnerhonealpes.fr\/passregion\">Pass\u2019R\u00e9gion Jeunes<\/a><\/span><\/td>\n<\/tr>\n<tr style=\"height: 186px;\">\n<td style=\"width: 33.3333%; height: 186px; text-align: center;\"><span style=\"font-size: 12pt;\">Allocation de rentr\u00e9e sportive de 7<strong>0\u20ac<\/strong> par enfant\/jeune adulte <strong>\u00e9ligible<\/strong> (jusqu\u2019\u00e0 30 ans sous conditions) pour financer tout ou partie de son inscription dans une structure sportive \u00e9ligible pour la saison 2025-2026<\/span><\/p>\n<p><span style=\"font-size: 12pt; color: #ff0000;\"><a style=\"color: #ff0000;\" href=\"https:\/\/www.pass.sports.gouv.fr\/v2\/jeunes-et-parents#eligibility-test\" target=\"_blank\" rel=\"noopener\">Testez ici votre \u00e9ligibilit\u00e9<\/a>&nbsp;<\/span><\/p>\n<p>&nbsp;<\/td>\n<td style=\"width: 33.3333%; height: 186px; text-align: center;\"><span style=\"font-size: 12pt;\">Aide du d\u00e9partement <strong>pour tout coll\u00e9gien<\/strong> en Is\u00e8re.<\/span><br \/>\n<span style=\"font-size: 12pt;\">Cagnotte de <strong>60\u20ac<\/strong> pour les inscriptions annuelles aux activit\u00e9s sportives, culturelles ou artistiques<\/span>&nbsp;+<br \/>\n<span style=\"font-size: 12pt;\">La CAF de l\u2019Is\u00e8re, partenaire du dispositif, compl\u00e8te avec un&nbsp;bonus culture de 60 \u20ac&nbsp;pour les coll\u00e9giens dont le QF est inf\u00e9rieur \u00e0 1 200 \u20ac.<\/span><\/td>\n<td style=\"width: 33.3333%; height: 186px; text-align: center;\"><span style=\"font-size: 12pt;\"><strong>30 \u20ac<\/strong> de r\u00e9duction sur une licence sportive annuelle pour les<strong> lyc\u00e9ens &amp; apprentis<\/strong> \u00e2g\u00e9s de 16 \u00e0 25 ans.<\/span><\/td>\n<\/tr>\n<\/tbody>\n<\/table>\n<p style=\"text-align: center;\">&nbsp;<\/p>\n<p style=\"text-align: center;\">&nbsp;<\/p>\n<p>&nbsp;<\/p>\n","protected":false},"excerpt":{"rendered":"<p>&nbsp; FORMULAIRES D&rsquo;ADHESION EN LIGNE : Si besoin, voici le Certificat m\u00e9dical 2026 \u00e0 t\u00e9l\u00e9charger, remplir et transmettre \u00e0 l&rsquo;adresse suivante \u21d2 licences@baseball-dragons.fr Besoin d&rsquo;une attestation pour votre CE ? Voici le document \u00e0 faire tamponner et signer par un dirigeant du Club \u21d2 Attestation de paiement &nbsp;\u21d2 T\u00e9l\u00e9chargez la fiche r\u00e9cap d&rsquo;information saison 25\/26&nbsp; [&hellip;]<\/p>\n","protected":false},"author":11,"featured_media":0,"parent":0,"menu_order":0,"comment_status":"closed","ping_status":"closed","template":"","meta":{"ngg_post_thumbnail":0,"footnotes":""},"class_list":["post-2307","page","type-page","status-publish","hentry"],"yoast_head":"<!-- This site is optimized with the Yoast SEO plugin v26.4 - https:\/\/yoast.com\/wordpress\/plugins\/seo\/ -->\n<title>Rejoindre les Dragons - Les DRAGONS du Nord-Is\u00e8re - Baseball - Softball<\/title>\n<meta name=\"robots\" content=\"index, follow, max-snippet:-1, max-image-preview:large, max-video-preview:-1\" \/>\n<link rel=\"canonical\" href=\"https:\/\/www.baseball-dragons.fr\/index.php\/rejoindre-les-dragons\/\" \/>\n<meta property=\"og:locale\" content=\"fr_FR\" \/>\n<meta property=\"og:type\" content=\"article\" \/>\n<meta property=\"og:title\" content=\"Rejoindre les Dragons - Les DRAGONS du Nord-Is\u00e8re - Baseball - Softball\" \/>\n<meta property=\"og:description\" content=\"&nbsp; FORMULAIRES D&rsquo;ADHESION EN LIGNE : Si besoin, voici le Certificat m\u00e9dical 2026 \u00e0 t\u00e9l\u00e9charger, remplir et transmettre \u00e0 l&rsquo;adresse suivante \u21d2 licences@baseball-dragons.fr Besoin d&rsquo;une attestation pour votre CE ? Voici le document \u00e0 faire tamponner et signer par un dirigeant du Club \u21d2 Attestation de paiement &nbsp;\u21d2 T\u00e9l\u00e9chargez la fiche r\u00e9cap d&rsquo;information saison 25\/26&nbsp; [&hellip;]\" \/>\n<meta property=\"og:url\" content=\"https:\/\/www.baseball-dragons.fr\/index.php\/rejoindre-les-dragons\/\" \/>\n<meta property=\"og:site_name\" content=\"Les DRAGONS du Nord-Is\u00e8re - Baseball - Softball\" \/>\n<meta property=\"article:publisher\" content=\"https:\/\/www.facebook.com\/baseballdragonsfr\/\" \/>\n<meta property=\"article:modified_time\" content=\"2025-11-27T21:43:05+00:00\" \/>\n<meta property=\"og:image\" content=\"https:\/\/www.baseball-dragons.fr\/wp-content\/uploads\/2024\/09\/formulaire-adhesion-1.jpg\" \/>\n\t<meta property=\"og:image:width\" content=\"1920\" \/>\n\t<meta property=\"og:image:height\" content=\"342\" \/>\n\t<meta property=\"og:image:type\" content=\"image\/jpeg\" \/>\n<meta name=\"twitter:card\" content=\"summary_large_image\" \/>\n<meta name=\"twitter:site\" content=\"@AsvfDragons\" \/>\n<meta name=\"twitter:label1\" content=\"Dur\u00e9e de lecture estim\u00e9e\" \/>\n\t<meta name=\"twitter:data1\" content=\"4 minutes\" \/>\n<script type=\"application\/ld+json\" class=\"yoast-schema-graph\">{\"@context\":\"https:\/\/schema.org\",\"@graph\":[{\"@type\":\"WebPage\",\"@id\":\"https:\/\/www.baseball-dragons.fr\/index.php\/rejoindre-les-dragons\/\",\"url\":\"https:\/\/www.baseball-dragons.fr\/index.php\/rejoindre-les-dragons\/\",\"name\":\"Rejoindre les Dragons - Les DRAGONS du Nord-Is\u00e8re - Baseball - Softball\",\"isPartOf\":{\"@id\":\"https:\/\/www.baseball-dragons.fr\/#website\"},\"primaryImageOfPage\":{\"@id\":\"https:\/\/www.baseball-dragons.fr\/index.php\/rejoindre-les-dragons\/#primaryimage\"},\"image\":{\"@id\":\"https:\/\/www.baseball-dragons.fr\/index.php\/rejoindre-les-dragons\/#primaryimage\"},\"thumbnailUrl\":\"http:\/\/www.baseball-dragons.fr\/wp-content\/uploads\/2024\/09\/formulaire-adhesion-1.jpg\",\"datePublished\":\"2024-06-26T22:40:39+00:00\",\"dateModified\":\"2025-11-27T21:43:05+00:00\",\"breadcrumb\":{\"@id\":\"https:\/\/www.baseball-dragons.fr\/index.php\/rejoindre-les-dragons\/#breadcrumb\"},\"inLanguage\":\"fr-FR\",\"potentialAction\":[{\"@type\":\"ReadAction\",\"target\":[\"https:\/\/www.baseball-dragons.fr\/index.php\/rejoindre-les-dragons\/\"]}]},{\"@type\":\"ImageObject\",\"inLanguage\":\"fr-FR\",\"@id\":\"https:\/\/www.baseball-dragons.fr\/index.php\/rejoindre-les-dragons\/#primaryimage\",\"url\":\"https:\/\/www.baseball-dragons.fr\/wp-content\/uploads\/2024\/09\/formulaire-adhesion-1.jpg\",\"contentUrl\":\"https:\/\/www.baseball-dragons.fr\/wp-content\/uploads\/2024\/09\/formulaire-adhesion-1.jpg\",\"width\":1920,\"height\":342},{\"@type\":\"BreadcrumbList\",\"@id\":\"https:\/\/www.baseball-dragons.fr\/index.php\/rejoindre-les-dragons\/#breadcrumb\",\"itemListElement\":[{\"@type\":\"ListItem\",\"position\":1,\"name\":\"Accueil\",\"item\":\"https:\/\/www.baseball-dragons.fr\/\"},{\"@type\":\"ListItem\",\"position\":2,\"name\":\"Rejoindre les Dragons\"}]},{\"@type\":\"WebSite\",\"@id\":\"https:\/\/www.baseball-dragons.fr\/#website\",\"url\":\"https:\/\/www.baseball-dragons.fr\/\",\"name\":\"Les DRAGONS du Nord-Is\u00e8re - Baseball - Softball\",\"description\":\"\u00e0 Villefontaine, Saint-Quentin-Fallavier, L&#039;Isle-d&#039;Abeau, La Verpilli\u00e8re ...  Let&#039;s Go Dragons !\",\"publisher\":{\"@id\":\"https:\/\/www.baseball-dragons.fr\/#organization\"},\"potentialAction\":[{\"@type\":\"SearchAction\",\"target\":{\"@type\":\"EntryPoint\",\"urlTemplate\":\"https:\/\/www.baseball-dragons.fr\/?s={search_term_string}\"},\"query-input\":{\"@type\":\"PropertyValueSpecification\",\"valueRequired\":true,\"valueName\":\"search_term_string\"}}],\"inLanguage\":\"fr-FR\"},{\"@type\":\"Organization\",\"@id\":\"https:\/\/www.baseball-dragons.fr\/#organization\",\"name\":\"LES DRAGONS\",\"url\":\"https:\/\/www.baseball-dragons.fr\/\",\"logo\":{\"@type\":\"ImageObject\",\"inLanguage\":\"fr-FR\",\"@id\":\"https:\/\/www.baseball-dragons.fr\/#\/schema\/logo\/image\/\",\"url\":\"https:\/\/www.baseball-dragons.fr\/wp-content\/uploads\/2019\/04\/Logo_ASVF.gif\",\"contentUrl\":\"https:\/\/www.baseball-dragons.fr\/wp-content\/uploads\/2019\/04\/Logo_ASVF.gif\",\"width\":448,\"height\":324,\"caption\":\"LES DRAGONS\"},\"image\":{\"@id\":\"https:\/\/www.baseball-dragons.fr\/#\/schema\/logo\/image\/\"},\"sameAs\":[\"https:\/\/www.facebook.com\/baseballdragonsfr\/\",\"https:\/\/x.com\/AsvfDragons\",\"https:\/\/www.instagram.com\/asvfbaseballdragons38090\/\"]}]}<\/script>\n<!-- \/ Yoast SEO plugin. -->","yoast_head_json":{"title":"Rejoindre les Dragons - Les DRAGONS du Nord-Is\u00e8re - Baseball - Softball","robots":{"index":"index","follow":"follow","max-snippet":"max-snippet:-1","max-image-preview":"max-image-preview:large","max-video-preview":"max-video-preview:-1"},"canonical":"https:\/\/www.baseball-dragons.fr\/index.php\/rejoindre-les-dragons\/","og_locale":"fr_FR","og_type":"article","og_title":"Rejoindre les Dragons - Les DRAGONS du Nord-Is\u00e8re - Baseball - Softball","og_description":"&nbsp; FORMULAIRES D&rsquo;ADHESION EN LIGNE : Si besoin, voici le Certificat m\u00e9dical 2026 \u00e0 t\u00e9l\u00e9charger, remplir et transmettre \u00e0 l&rsquo;adresse suivante \u21d2 licences@baseball-dragons.fr Besoin d&rsquo;une attestation pour votre CE ? Voici le document \u00e0 faire tamponner et signer par un dirigeant du Club \u21d2 Attestation de paiement &nbsp;\u21d2 T\u00e9l\u00e9chargez la fiche r\u00e9cap d&rsquo;information saison 25\/26&nbsp; [&hellip;]","og_url":"https:\/\/www.baseball-dragons.fr\/index.php\/rejoindre-les-dragons\/","og_site_name":"Les DRAGONS du Nord-Is\u00e8re - Baseball - Softball","article_publisher":"https:\/\/www.facebook.com\/baseballdragonsfr\/","article_modified_time":"2025-11-27T21:43:05+00:00","og_image":[{"width":1920,"height":342,"url":"https:\/\/www.baseball-dragons.fr\/wp-content\/uploads\/2024\/09\/formulaire-adhesion-1.jpg","type":"image\/jpeg"}],"twitter_card":"summary_large_image","twitter_site":"@AsvfDragons","twitter_misc":{"Dur\u00e9e de lecture estim\u00e9e":"4 minutes"},"schema":{"@context":"https:\/\/schema.org","@graph":[{"@type":"WebPage","@id":"https:\/\/www.baseball-dragons.fr\/index.php\/rejoindre-les-dragons\/","url":"https:\/\/www.baseball-dragons.fr\/index.php\/rejoindre-les-dragons\/","name":"Rejoindre les Dragons - Les DRAGONS du Nord-Is\u00e8re - Baseball - Softball","isPartOf":{"@id":"https:\/\/www.baseball-dragons.fr\/#website"},"primaryImageOfPage":{"@id":"https:\/\/www.baseball-dragons.fr\/index.php\/rejoindre-les-dragons\/#primaryimage"},"image":{"@id":"https:\/\/www.baseball-dragons.fr\/index.php\/rejoindre-les-dragons\/#primaryimage"},"thumbnailUrl":"http:\/\/www.baseball-dragons.fr\/wp-content\/uploads\/2024\/09\/formulaire-adhesion-1.jpg","datePublished":"2024-06-26T22:40:39+00:00","dateModified":"2025-11-27T21:43:05+00:00","breadcrumb":{"@id":"https:\/\/www.baseball-dragons.fr\/index.php\/rejoindre-les-dragons\/#breadcrumb"},"inLanguage":"fr-FR","potentialAction":[{"@type":"ReadAction","target":["https:\/\/www.baseball-dragons.fr\/index.php\/rejoindre-les-dragons\/"]}]},{"@type":"ImageObject","inLanguage":"fr-FR","@id":"https:\/\/www.baseball-dragons.fr\/index.php\/rejoindre-les-dragons\/#primaryimage","url":"https:\/\/www.baseball-dragons.fr\/wp-content\/uploads\/2024\/09\/formulaire-adhesion-1.jpg","contentUrl":"https:\/\/www.baseball-dragons.fr\/wp-content\/uploads\/2024\/09\/formulaire-adhesion-1.jpg","width":1920,"height":342},{"@type":"BreadcrumbList","@id":"https:\/\/www.baseball-dragons.fr\/index.php\/rejoindre-les-dragons\/#breadcrumb","itemListElement":[{"@type":"ListItem","position":1,"name":"Accueil","item":"https:\/\/www.baseball-dragons.fr\/"},{"@type":"ListItem","position":2,"name":"Rejoindre les Dragons"}]},{"@type":"WebSite","@id":"https:\/\/www.baseball-dragons.fr\/#website","url":"https:\/\/www.baseball-dragons.fr\/","name":"Les DRAGONS du Nord-Is\u00e8re - Baseball - Softball","description":"\u00e0 Villefontaine, Saint-Quentin-Fallavier, L&#039;Isle-d&#039;Abeau, La Verpilli\u00e8re ...  Let&#039;s Go Dragons !","publisher":{"@id":"https:\/\/www.baseball-dragons.fr\/#organization"},"potentialAction":[{"@type":"SearchAction","target":{"@type":"EntryPoint","urlTemplate":"https:\/\/www.baseball-dragons.fr\/?s={search_term_string}"},"query-input":{"@type":"PropertyValueSpecification","valueRequired":true,"valueName":"search_term_string"}}],"inLanguage":"fr-FR"},{"@type":"Organization","@id":"https:\/\/www.baseball-dragons.fr\/#organization","name":"LES DRAGONS","url":"https:\/\/www.baseball-dragons.fr\/","logo":{"@type":"ImageObject","inLanguage":"fr-FR","@id":"https:\/\/www.baseball-dragons.fr\/#\/schema\/logo\/image\/","url":"https:\/\/www.baseball-dragons.fr\/wp-content\/uploads\/2019\/04\/Logo_ASVF.gif","contentUrl":"https:\/\/www.baseball-dragons.fr\/wp-content\/uploads\/2019\/04\/Logo_ASVF.gif","width":448,"height":324,"caption":"LES DRAGONS"},"image":{"@id":"https:\/\/www.baseball-dragons.fr\/#\/schema\/logo\/image\/"},"sameAs":["https:\/\/www.facebook.com\/baseballdragonsfr\/","https:\/\/x.com\/AsvfDragons","https:\/\/www.instagram.com\/asvfbaseballdragons38090\/"]}]}},"jetpack_sharing_enabled":true,"jetpack_shortlink":"https:\/\/wp.me\/P7VhYh-Bd","_links":{"self":[{"href":"https:\/\/www.baseball-dragons.fr\/index.php\/wp-json\/wp\/v2\/pages\/2307","targetHints":{"allow":["GET"]}}],"collection":[{"href":"https:\/\/www.baseball-dragons.fr\/index.php\/wp-json\/wp\/v2\/pages"}],"about":[{"href":"https:\/\/www.baseball-dragons.fr\/index.php\/wp-json\/wp\/v2\/types\/page"}],"author":[{"embeddable":true,"href":"https:\/\/www.baseball-dragons.fr\/index.php\/wp-json\/wp\/v2\/users\/11"}],"replies":[{"embeddable":true,"href":"https:\/\/www.baseball-dragons.fr\/index.php\/wp-json\/wp\/v2\/comments?post=2307"}],"version-history":[{"count":178,"href":"https:\/\/www.baseball-dragons.fr\/index.php\/wp-json\/wp\/v2\/pages\/2307\/revisions"}],"predecessor-version":[{"id":2582,"href":"https:\/\/www.baseball-dragons.fr\/index.php\/wp-json\/wp\/v2\/pages\/2307\/revisions\/2582"}],"wp:attachment":[{"href":"https:\/\/www.baseball-dragons.fr\/index.php\/wp-json\/wp\/v2\/media?parent=2307"}],"curies":[{"name":"wp","href":"https:\/\/api.w.org\/{rel}","templated":true}]}}