{"id":1844,"date":"2022-08-09T09:47:53","date_gmt":"2022-08-09T07:47:53","guid":{"rendered":"https:\/\/www.baseball-dragons.fr\/?page_id=1844"},"modified":"2025-12-10T20:25:25","modified_gmt":"2025-12-10T19:25:25","slug":"accueil","status":"publish","type":"page","link":"https:\/\/www.baseball-dragons.fr\/","title":{"rendered":"Bienvenue chez les Dragons du Nord Is\u00e8re !"},"content":{"rendered":"<p><img loading=\"lazy\" decoding=\"async\" class=\" wp-image-1982 alignright\" src=\"http:\/\/www.baseball-dragons.fr\/wp-content\/uploads\/2022\/08\/rejoinsDragons.jpg\" alt=\"\" width=\"369\" height=\"377\" srcset=\"https:\/\/www.baseball-dragons.fr\/wp-content\/uploads\/2022\/08\/rejoinsDragons.jpg 600w, https:\/\/www.baseball-dragons.fr\/wp-content\/uploads\/2022\/08\/rejoinsDragons-294x300.jpg 294w, https:\/\/www.baseball-dragons.fr\/wp-content\/uploads\/2022\/08\/rejoinsDragons-125x128.jpg 125w, https:\/\/www.baseball-dragons.fr\/wp-content\/uploads\/2022\/08\/rejoinsDragons-32x32.jpg 32w, https:\/\/www.baseball-dragons.fr\/wp-content\/uploads\/2022\/08\/rejoinsDragons-1x1.jpg 1w\" sizes=\"auto, (max-width: 369px) 100vw, 369px\" \/><\/p>\n<p>&nbsp;<\/p>\n<p style=\"text-align: right;\"><strong><span style=\"font-size: 18pt;\">Venez essayer le baseball,<br \/>\nle softball<br \/>\nou le baseball5 !<\/span><\/strong><\/p>\n<p>&nbsp;<\/p>\n<p style=\"text-align: right;\"><strong><span style=\"font-size: 18pt;\">\u21d2 D\u00e8s 5 ans<br \/>\net c&rsquo;est aussi pour les filles !<\/span><\/strong><\/p>\n<p>&nbsp;<\/p>\n<p><img loading=\"lazy\" decoding=\"async\" class=\"aligncenter wp-image-3089 size-full\" src=\"http:\/\/www.baseball-dragons.fr\/wp-content\/uploads\/2025\/12\/bandeau-nos-equipes-et-label-HP-2526.png\" alt=\"\" width=\"1920\" height=\"600\" srcset=\"https:\/\/www.baseball-dragons.fr\/wp-content\/uploads\/2025\/12\/bandeau-nos-equipes-et-label-HP-2526.png 1920w, https:\/\/www.baseball-dragons.fr\/wp-content\/uploads\/2025\/12\/bandeau-nos-equipes-et-label-HP-2526-300x94.png 300w, https:\/\/www.baseball-dragons.fr\/wp-content\/uploads\/2025\/12\/bandeau-nos-equipes-et-label-HP-2526-1024x320.png 1024w, https:\/\/www.baseball-dragons.fr\/wp-content\/uploads\/2025\/12\/bandeau-nos-equipes-et-label-HP-2526-768x240.png 768w, https:\/\/www.baseball-dragons.fr\/wp-content\/uploads\/2025\/12\/bandeau-nos-equipes-et-label-HP-2526-1536x480.png 1536w, https:\/\/www.baseball-dragons.fr\/wp-content\/uploads\/2025\/12\/bandeau-nos-equipes-et-label-HP-2526-128x40.png 128w, https:\/\/www.baseball-dragons.fr\/wp-content\/uploads\/2025\/12\/bandeau-nos-equipes-et-label-HP-2526-32x10.png 32w, https:\/\/www.baseball-dragons.fr\/wp-content\/uploads\/2025\/12\/bandeau-nos-equipes-et-label-HP-2526-3x1.png 3w\" sizes=\"auto, (max-width: 1920px) 100vw, 1920px\" \/><\/p>\n<p>&nbsp;<\/p>\n<p>&nbsp;<\/p>\n<p style=\"text-align: center;\"><strong><span style=\"font-size: 18pt;\">Vous voulez en savoir plus ?<\/span><\/strong><br \/>\n<span style=\"font-size: 18pt;\"><strong>Contactez-nous et rejoignez-nous directement \u00e0 un entra\u00eenement!<\/strong><\/span><\/p>\n<p>&nbsp;<\/p>\n<p><a href=\"http:\/\/www.baseball-dragons.fr\/wp-content\/uploads\/2025\/11\/carte-site-web.png\" target=\"_blank\" rel=\"noopener\"><img loading=\"lazy\" decoding=\"async\" class=\"aligncenter wp-image-2990 size-full\" style=\"font-size: 1.4rem; font-style: inherit; font-weight: inherit;\" src=\"http:\/\/www.baseball-dragons.fr\/wp-content\/uploads\/2025\/11\/carte-site-web.png\" alt=\"\" width=\"1024\" height=\"724\" srcset=\"https:\/\/www.baseball-dragons.fr\/wp-content\/uploads\/2025\/11\/carte-site-web.png 1024w, https:\/\/www.baseball-dragons.fr\/wp-content\/uploads\/2025\/11\/carte-site-web-300x212.png 300w, https:\/\/www.baseball-dragons.fr\/wp-content\/uploads\/2025\/11\/carte-site-web-768x543.png 768w, https:\/\/www.baseball-dragons.fr\/wp-content\/uploads\/2025\/11\/carte-site-web-128x91.png 128w, https:\/\/www.baseball-dragons.fr\/wp-content\/uploads\/2025\/11\/carte-site-web-32x23.png 32w, https:\/\/www.baseball-dragons.fr\/wp-content\/uploads\/2025\/11\/carte-site-web-1x1.png 1w\" sizes=\"auto, (max-width: 1024px) 100vw, 1024px\" \/><\/a><\/p>\n<p>&nbsp;<\/p>\n","protected":false},"excerpt":{"rendered":"<p>&nbsp; Venez essayer le baseball, le softball ou le baseball5 ! &nbsp; \u21d2 D\u00e8s 5 ans et c&rsquo;est aussi pour les filles ! &nbsp; &nbsp; &nbsp; Vous voulez en savoir plus ? Contactez-nous et rejoignez-nous directement \u00e0 un entra\u00eenement! &nbsp; &nbsp;<\/p>\n","protected":false},"author":7,"featured_media":0,"parent":0,"menu_order":0,"comment_status":"closed","ping_status":"closed","template":"","meta":{"ngg_post_thumbnail":0,"footnotes":""},"class_list":["post-1844","page","type-page","status-publish","hentry"],"yoast_head":"<!-- This site is optimized with the Yoast SEO plugin v26.4 - https:\/\/yoast.com\/wordpress\/plugins\/seo\/ -->\n<title>Bienvenue chez les Dragons du Nord Is\u00e8re ! - Les DRAGONS du Nord-Is\u00e8re - Baseball - Softball<\/title>\n<meta name=\"robots\" content=\"index, follow, max-snippet:-1, max-image-preview:large, max-video-preview:-1\" \/>\n<link rel=\"canonical\" href=\"https:\/\/www.baseball-dragons.fr\/\" \/>\n<meta property=\"og:locale\" content=\"fr_FR\" \/>\n<meta property=\"og:type\" content=\"article\" \/>\n<meta property=\"og:title\" content=\"Bienvenue chez les Dragons du Nord Is\u00e8re ! - Les DRAGONS du Nord-Is\u00e8re - Baseball - Softball\" \/>\n<meta property=\"og:description\" content=\"&nbsp; Venez essayer le baseball, le softball ou le baseball5 ! &nbsp; \u21d2 D\u00e8s 5 ans et c&rsquo;est aussi pour les filles ! &nbsp; &nbsp; &nbsp; Vous voulez en savoir plus ? Contactez-nous et rejoignez-nous directement \u00e0 un entra\u00eenement! &nbsp; &nbsp;\" \/>\n<meta property=\"og:url\" content=\"https:\/\/www.baseball-dragons.fr\/\" \/>\n<meta property=\"og:site_name\" content=\"Les DRAGONS du Nord-Is\u00e8re - Baseball - Softball\" \/>\n<meta property=\"article:publisher\" content=\"https:\/\/www.facebook.com\/baseballdragonsfr\/\" \/>\n<meta property=\"article:modified_time\" content=\"2025-12-10T19:25:25+00:00\" \/>\n<meta property=\"og:image\" content=\"https:\/\/www.baseball-dragons.fr\/wp-content\/uploads\/2022\/08\/rejoinsDragons.jpg\" \/>\n\t<meta property=\"og:image:width\" content=\"600\" \/>\n\t<meta property=\"og:image:height\" content=\"613\" \/>\n\t<meta property=\"og:image:type\" content=\"image\/jpeg\" \/>\n<meta name=\"twitter:card\" content=\"summary_large_image\" \/>\n<meta name=\"twitter:site\" content=\"@AsvfDragons\" \/>\n<meta name=\"twitter:label1\" content=\"Dur\u00e9e de lecture estim\u00e9e\" \/>\n\t<meta name=\"twitter:data1\" content=\"1 minute\" \/>\n<script type=\"application\/ld+json\" class=\"yoast-schema-graph\">{\"@context\":\"https:\/\/schema.org\",\"@graph\":[{\"@type\":\"WebPage\",\"@id\":\"https:\/\/www.baseball-dragons.fr\/\",\"url\":\"https:\/\/www.baseball-dragons.fr\/\",\"name\":\"Bienvenue chez les Dragons du Nord Is\u00e8re ! - Les DRAGONS du Nord-Is\u00e8re - Baseball - Softball\",\"isPartOf\":{\"@id\":\"https:\/\/www.baseball-dragons.fr\/#website\"},\"primaryImageOfPage\":{\"@id\":\"https:\/\/www.baseball-dragons.fr\/#primaryimage\"},\"image\":{\"@id\":\"https:\/\/www.baseball-dragons.fr\/#primaryimage\"},\"thumbnailUrl\":\"http:\/\/www.baseball-dragons.fr\/wp-content\/uploads\/2022\/08\/rejoinsDragons.jpg\",\"datePublished\":\"2022-08-09T07:47:53+00:00\",\"dateModified\":\"2025-12-10T19:25:25+00:00\",\"breadcrumb\":{\"@id\":\"https:\/\/www.baseball-dragons.fr\/#breadcrumb\"},\"inLanguage\":\"fr-FR\",\"potentialAction\":[{\"@type\":\"ReadAction\",\"target\":[\"https:\/\/www.baseball-dragons.fr\/\"]}]},{\"@type\":\"ImageObject\",\"inLanguage\":\"fr-FR\",\"@id\":\"https:\/\/www.baseball-dragons.fr\/#primaryimage\",\"url\":\"http:\/\/www.baseball-dragons.fr\/wp-content\/uploads\/2022\/08\/rejoinsDragons.jpg\",\"contentUrl\":\"http:\/\/www.baseball-dragons.fr\/wp-content\/uploads\/2022\/08\/rejoinsDragons.jpg\"},{\"@type\":\"BreadcrumbList\",\"@id\":\"https:\/\/www.baseball-dragons.fr\/#breadcrumb\",\"itemListElement\":[{\"@type\":\"ListItem\",\"position\":1,\"name\":\"Accueil\",\"item\":\"https:\/\/www.baseball-dragons.fr\/\"},{\"@type\":\"ListItem\",\"position\":2,\"name\":\"Bienvenue chez les Dragons du Nord Is\u00e8re !\"}]},{\"@type\":\"WebSite\",\"@id\":\"https:\/\/www.baseball-dragons.fr\/#website\",\"url\":\"https:\/\/www.baseball-dragons.fr\/\",\"name\":\"Les DRAGONS du Nord-Is\u00e8re - Baseball - Softball\",\"description\":\"\u00e0 Villefontaine, Saint-Quentin-Fallavier, L&#039;Isle-d&#039;Abeau, La Verpilli\u00e8re ...  Let&#039;s Go Dragons !\",\"publisher\":{\"@id\":\"https:\/\/www.baseball-dragons.fr\/#organization\"},\"potentialAction\":[{\"@type\":\"SearchAction\",\"target\":{\"@type\":\"EntryPoint\",\"urlTemplate\":\"https:\/\/www.baseball-dragons.fr\/?s={search_term_string}\"},\"query-input\":{\"@type\":\"PropertyValueSpecification\",\"valueRequired\":true,\"valueName\":\"search_term_string\"}}],\"inLanguage\":\"fr-FR\"},{\"@type\":\"Organization\",\"@id\":\"https:\/\/www.baseball-dragons.fr\/#organization\",\"name\":\"LES DRAGONS\",\"url\":\"https:\/\/www.baseball-dragons.fr\/\",\"logo\":{\"@type\":\"ImageObject\",\"inLanguage\":\"fr-FR\",\"@id\":\"https:\/\/www.baseball-dragons.fr\/#\/schema\/logo\/image\/\",\"url\":\"https:\/\/www.baseball-dragons.fr\/wp-content\/uploads\/2019\/04\/Logo_ASVF.gif\",\"contentUrl\":\"https:\/\/www.baseball-dragons.fr\/wp-content\/uploads\/2019\/04\/Logo_ASVF.gif\",\"width\":448,\"height\":324,\"caption\":\"LES DRAGONS\"},\"image\":{\"@id\":\"https:\/\/www.baseball-dragons.fr\/#\/schema\/logo\/image\/\"},\"sameAs\":[\"https:\/\/www.facebook.com\/baseballdragonsfr\/\",\"https:\/\/x.com\/AsvfDragons\",\"https:\/\/www.instagram.com\/asvfbaseballdragons38090\/\"]}]}<\/script>\n<!-- \/ Yoast SEO plugin. -->","yoast_head_json":{"title":"Bienvenue chez les Dragons du Nord Is\u00e8re ! - Les DRAGONS du Nord-Is\u00e8re - Baseball - Softball","robots":{"index":"index","follow":"follow","max-snippet":"max-snippet:-1","max-image-preview":"max-image-preview:large","max-video-preview":"max-video-preview:-1"},"canonical":"https:\/\/www.baseball-dragons.fr\/","og_locale":"fr_FR","og_type":"article","og_title":"Bienvenue chez les Dragons du Nord Is\u00e8re ! - Les DRAGONS du Nord-Is\u00e8re - Baseball - Softball","og_description":"&nbsp; Venez essayer le baseball, le softball ou le baseball5 ! &nbsp; \u21d2 D\u00e8s 5 ans et c&rsquo;est aussi pour les filles ! &nbsp; &nbsp; &nbsp; Vous voulez en savoir plus ? Contactez-nous et rejoignez-nous directement \u00e0 un entra\u00eenement! &nbsp; &nbsp;","og_url":"https:\/\/www.baseball-dragons.fr\/","og_site_name":"Les DRAGONS du Nord-Is\u00e8re - Baseball - Softball","article_publisher":"https:\/\/www.facebook.com\/baseballdragonsfr\/","article_modified_time":"2025-12-10T19:25:25+00:00","og_image":[{"width":600,"height":613,"url":"https:\/\/www.baseball-dragons.fr\/wp-content\/uploads\/2022\/08\/rejoinsDragons.jpg","type":"image\/jpeg"}],"twitter_card":"summary_large_image","twitter_site":"@AsvfDragons","twitter_misc":{"Dur\u00e9e de lecture estim\u00e9e":"1 minute"},"schema":{"@context":"https:\/\/schema.org","@graph":[{"@type":"WebPage","@id":"https:\/\/www.baseball-dragons.fr\/","url":"https:\/\/www.baseball-dragons.fr\/","name":"Bienvenue chez les Dragons du Nord Is\u00e8re ! - Les DRAGONS du Nord-Is\u00e8re - Baseball - Softball","isPartOf":{"@id":"https:\/\/www.baseball-dragons.fr\/#website"},"primaryImageOfPage":{"@id":"https:\/\/www.baseball-dragons.fr\/#primaryimage"},"image":{"@id":"https:\/\/www.baseball-dragons.fr\/#primaryimage"},"thumbnailUrl":"http:\/\/www.baseball-dragons.fr\/wp-content\/uploads\/2022\/08\/rejoinsDragons.jpg","datePublished":"2022-08-09T07:47:53+00:00","dateModified":"2025-12-10T19:25:25+00:00","breadcrumb":{"@id":"https:\/\/www.baseball-dragons.fr\/#breadcrumb"},"inLanguage":"fr-FR","potentialAction":[{"@type":"ReadAction","target":["https:\/\/www.baseball-dragons.fr\/"]}]},{"@type":"ImageObject","inLanguage":"fr-FR","@id":"https:\/\/www.baseball-dragons.fr\/#primaryimage","url":"http:\/\/www.baseball-dragons.fr\/wp-content\/uploads\/2022\/08\/rejoinsDragons.jpg","contentUrl":"http:\/\/www.baseball-dragons.fr\/wp-content\/uploads\/2022\/08\/rejoinsDragons.jpg"},{"@type":"BreadcrumbList","@id":"https:\/\/www.baseball-dragons.fr\/#breadcrumb","itemListElement":[{"@type":"ListItem","position":1,"name":"Accueil","item":"https:\/\/www.baseball-dragons.fr\/"},{"@type":"ListItem","position":2,"name":"Bienvenue chez les Dragons du Nord Is\u00e8re !"}]},{"@type":"WebSite","@id":"https:\/\/www.baseball-dragons.fr\/#website","url":"https:\/\/www.baseball-dragons.fr\/","name":"Les DRAGONS du Nord-Is\u00e8re - Baseball - Softball","description":"\u00e0 Villefontaine, Saint-Quentin-Fallavier, L&#039;Isle-d&#039;Abeau, La Verpilli\u00e8re ...  Let&#039;s Go Dragons !","publisher":{"@id":"https:\/\/www.baseball-dragons.fr\/#organization"},"potentialAction":[{"@type":"SearchAction","target":{"@type":"EntryPoint","urlTemplate":"https:\/\/www.baseball-dragons.fr\/?s={search_term_string}"},"query-input":{"@type":"PropertyValueSpecification","valueRequired":true,"valueName":"search_term_string"}}],"inLanguage":"fr-FR"},{"@type":"Organization","@id":"https:\/\/www.baseball-dragons.fr\/#organization","name":"LES DRAGONS","url":"https:\/\/www.baseball-dragons.fr\/","logo":{"@type":"ImageObject","inLanguage":"fr-FR","@id":"https:\/\/www.baseball-dragons.fr\/#\/schema\/logo\/image\/","url":"https:\/\/www.baseball-dragons.fr\/wp-content\/uploads\/2019\/04\/Logo_ASVF.gif","contentUrl":"https:\/\/www.baseball-dragons.fr\/wp-content\/uploads\/2019\/04\/Logo_ASVF.gif","width":448,"height":324,"caption":"LES DRAGONS"},"image":{"@id":"https:\/\/www.baseball-dragons.fr\/#\/schema\/logo\/image\/"},"sameAs":["https:\/\/www.facebook.com\/baseballdragonsfr\/","https:\/\/x.com\/AsvfDragons","https:\/\/www.instagram.com\/asvfbaseballdragons38090\/"]}]}},"jetpack_sharing_enabled":true,"jetpack_shortlink":"https:\/\/wp.me\/P7VhYh-tK","_links":{"self":[{"href":"https:\/\/www.baseball-dragons.fr\/index.php\/wp-json\/wp\/v2\/pages\/1844","targetHints":{"allow":["GET"]}}],"collection":[{"href":"https:\/\/www.baseball-dragons.fr\/index.php\/wp-json\/wp\/v2\/pages"}],"about":[{"href":"https:\/\/www.baseball-dragons.fr\/index.php\/wp-json\/wp\/v2\/types\/page"}],"author":[{"embeddable":true,"href":"https:\/\/www.baseball-dragons.fr\/index.php\/wp-json\/wp\/v2\/users\/7"}],"replies":[{"embeddable":true,"href":"https:\/\/www.baseball-dragons.fr\/index.php\/wp-json\/wp\/v2\/comments?post=1844"}],"version-history":[{"count":73,"href":"https:\/\/www.baseball-dragons.fr\/index.php\/wp-json\/wp\/v2\/pages\/1844\/revisions"}],"predecessor-version":[{"id":3093,"href":"https:\/\/www.baseball-dragons.fr\/index.php\/wp-json\/wp\/v2\/pages\/1844\/revisions\/3093"}],"wp:attachment":[{"href":"https:\/\/www.baseball-dragons.fr\/index.php\/wp-json\/wp\/v2\/media?parent=1844"}],"curies":[{"name":"wp","href":"https:\/\/api.w.org\/{rel}","templated":true}]}}