{"id":1834,"date":"2022-08-09T09:45:16","date_gmt":"2022-08-09T07:45:16","guid":{"rendered":"https:\/\/www.baseball-dragons.fr\/?page_id=1834"},"modified":"2025-12-10T20:34:38","modified_gmt":"2025-12-10T19:34:38","slug":"nos-equipes-2","status":"publish","type":"page","link":"https:\/\/www.baseball-dragons.fr\/index.php\/le-club\/nos-equipes-2\/","title":{"rendered":"Nos \u00e9quipes"},"content":{"rendered":"<p><img loading=\"lazy\" decoding=\"async\" class=\"aligncenter wp-image-3089 size-full\" src=\"http:\/\/www.baseball-dragons.fr\/wp-content\/uploads\/2025\/12\/bandeau-nos-equipes-et-label-HP-2526.png\" alt=\"\" width=\"1920\" height=\"600\" srcset=\"https:\/\/www.baseball-dragons.fr\/wp-content\/uploads\/2025\/12\/bandeau-nos-equipes-et-label-HP-2526.png 1920w, https:\/\/www.baseball-dragons.fr\/wp-content\/uploads\/2025\/12\/bandeau-nos-equipes-et-label-HP-2526-300x94.png 300w, https:\/\/www.baseball-dragons.fr\/wp-content\/uploads\/2025\/12\/bandeau-nos-equipes-et-label-HP-2526-1024x320.png 1024w, https:\/\/www.baseball-dragons.fr\/wp-content\/uploads\/2025\/12\/bandeau-nos-equipes-et-label-HP-2526-768x240.png 768w, https:\/\/www.baseball-dragons.fr\/wp-content\/uploads\/2025\/12\/bandeau-nos-equipes-et-label-HP-2526-1536x480.png 1536w, https:\/\/www.baseball-dragons.fr\/wp-content\/uploads\/2025\/12\/bandeau-nos-equipes-et-label-HP-2526-128x40.png 128w, https:\/\/www.baseball-dragons.fr\/wp-content\/uploads\/2025\/12\/bandeau-nos-equipes-et-label-HP-2526-32x10.png 32w, https:\/\/www.baseball-dragons.fr\/wp-content\/uploads\/2025\/12\/bandeau-nos-equipes-et-label-HP-2526-3x1.png 3w\" sizes=\"auto, (max-width: 1920px) 100vw, 1920px\" \/><\/p>\n<p>&nbsp;<\/p>\n<p>ngg_shortcode_0_placeholder<img loading=\"lazy\" decoding=\"async\" class=\"aligncenter wp-image-2722 \" src=\"http:\/\/www.baseball-dragons.fr\/wp-content\/uploads\/2025\/01\/les-trombis-coaches-scaled.jpg\" alt=\"\" width=\"2560\" height=\"1440\" srcset=\"https:\/\/www.baseball-dragons.fr\/wp-content\/uploads\/2025\/01\/les-trombis-coaches-scaled.jpg 2560w, https:\/\/www.baseball-dragons.fr\/wp-content\/uploads\/2025\/01\/les-trombis-coaches-300x169.jpg 300w, https:\/\/www.baseball-dragons.fr\/wp-content\/uploads\/2025\/01\/les-trombis-coaches-1024x576.jpg 1024w, https:\/\/www.baseball-dragons.fr\/wp-content\/uploads\/2025\/01\/les-trombis-coaches-768x432.jpg 768w, https:\/\/www.baseball-dragons.fr\/wp-content\/uploads\/2025\/01\/les-trombis-coaches-1536x864.jpg 1536w, https:\/\/www.baseball-dragons.fr\/wp-content\/uploads\/2025\/01\/les-trombis-coaches-2048x1152.jpg 2048w, https:\/\/www.baseball-dragons.fr\/wp-content\/uploads\/2025\/01\/les-trombis-coaches-128x72.jpg 128w, https:\/\/www.baseball-dragons.fr\/wp-content\/uploads\/2025\/01\/les-trombis-coaches-32x18.jpg 32w, https:\/\/www.baseball-dragons.fr\/wp-content\/uploads\/2025\/01\/les-trombis-coaches-2x1.jpg 2w, https:\/\/www.baseball-dragons.fr\/wp-content\/uploads\/2025\/01\/les-trombis-coaches-700x394.jpg 700w\" sizes=\"auto, (max-width: 2560px) 100vw, 2560px\" \/><\/p>\n","protected":false},"excerpt":{"rendered":"<p>&nbsp;<\/p>\n","protected":false},"author":7,"featured_media":0,"parent":1814,"menu_order":0,"comment_status":"closed","ping_status":"closed","template":"","meta":{"ngg_post_thumbnail":0,"footnotes":""},"class_list":["post-1834","page","type-page","status-publish","hentry"],"yoast_head":"<!-- This site is optimized with the Yoast SEO plugin v26.4 - https:\/\/yoast.com\/wordpress\/plugins\/seo\/ -->\n<title>Nos \u00e9quipes - Les DRAGONS du Nord-Is\u00e8re - Baseball - Softball<\/title>\n<meta name=\"robots\" content=\"index, follow, max-snippet:-1, max-image-preview:large, max-video-preview:-1\" \/>\n<link rel=\"canonical\" href=\"https:\/\/www.baseball-dragons.fr\/index.php\/le-club\/nos-equipes-2\/\" \/>\n<meta property=\"og:locale\" content=\"fr_FR\" \/>\n<meta property=\"og:type\" content=\"article\" \/>\n<meta property=\"og:title\" content=\"Nos \u00e9quipes - Les DRAGONS du Nord-Is\u00e8re - Baseball - Softball\" \/>\n<meta property=\"og:description\" content=\"&nbsp;\" \/>\n<meta property=\"og:url\" content=\"https:\/\/www.baseball-dragons.fr\/index.php\/le-club\/nos-equipes-2\/\" \/>\n<meta property=\"og:site_name\" content=\"Les DRAGONS du Nord-Is\u00e8re - Baseball - Softball\" \/>\n<meta property=\"article:publisher\" content=\"https:\/\/www.facebook.com\/baseballdragonsfr\/\" \/>\n<meta property=\"article:modified_time\" content=\"2025-12-10T19:34:38+00:00\" \/>\n<meta property=\"og:image\" content=\"https:\/\/www.baseball-dragons.fr\/wp-content\/uploads\/2025\/12\/bandeau-nos-equipes-et-label-HP-2526.png\" \/>\n\t<meta property=\"og:image:width\" content=\"1920\" \/>\n\t<meta property=\"og:image:height\" content=\"600\" \/>\n\t<meta property=\"og:image:type\" content=\"image\/png\" \/>\n<meta name=\"twitter:card\" content=\"summary_large_image\" \/>\n<meta name=\"twitter:site\" content=\"@AsvfDragons\" \/>\n<meta name=\"twitter:label1\" content=\"Dur\u00e9e de lecture estim\u00e9e\" \/>\n\t<meta name=\"twitter:data1\" content=\"1 minute\" \/>\n<script type=\"application\/ld+json\" class=\"yoast-schema-graph\">{\"@context\":\"https:\/\/schema.org\",\"@graph\":[{\"@type\":\"WebPage\",\"@id\":\"https:\/\/www.baseball-dragons.fr\/index.php\/le-club\/nos-equipes-2\/\",\"url\":\"https:\/\/www.baseball-dragons.fr\/index.php\/le-club\/nos-equipes-2\/\",\"name\":\"Nos \u00e9quipes - Les DRAGONS du Nord-Is\u00e8re - Baseball - Softball\",\"isPartOf\":{\"@id\":\"https:\/\/www.baseball-dragons.fr\/#website\"},\"primaryImageOfPage\":{\"@id\":\"https:\/\/www.baseball-dragons.fr\/index.php\/le-club\/nos-equipes-2\/#primaryimage\"},\"image\":{\"@id\":\"https:\/\/www.baseball-dragons.fr\/index.php\/le-club\/nos-equipes-2\/#primaryimage\"},\"thumbnailUrl\":\"http:\/\/www.baseball-dragons.fr\/wp-content\/uploads\/2025\/12\/bandeau-nos-equipes-et-label-HP-2526.png\",\"datePublished\":\"2022-08-09T07:45:16+00:00\",\"dateModified\":\"2025-12-10T19:34:38+00:00\",\"breadcrumb\":{\"@id\":\"https:\/\/www.baseball-dragons.fr\/index.php\/le-club\/nos-equipes-2\/#breadcrumb\"},\"inLanguage\":\"fr-FR\",\"potentialAction\":[{\"@type\":\"ReadAction\",\"target\":[\"https:\/\/www.baseball-dragons.fr\/index.php\/le-club\/nos-equipes-2\/\"]}]},{\"@type\":\"ImageObject\",\"inLanguage\":\"fr-FR\",\"@id\":\"https:\/\/www.baseball-dragons.fr\/index.php\/le-club\/nos-equipes-2\/#primaryimage\",\"url\":\"https:\/\/www.baseball-dragons.fr\/wp-content\/uploads\/2025\/12\/bandeau-nos-equipes-et-label-HP-2526.png\",\"contentUrl\":\"https:\/\/www.baseball-dragons.fr\/wp-content\/uploads\/2025\/12\/bandeau-nos-equipes-et-label-HP-2526.png\",\"width\":1920,\"height\":600},{\"@type\":\"BreadcrumbList\",\"@id\":\"https:\/\/www.baseball-dragons.fr\/index.php\/le-club\/nos-equipes-2\/#breadcrumb\",\"itemListElement\":[{\"@type\":\"ListItem\",\"position\":1,\"name\":\"Accueil\",\"item\":\"https:\/\/www.baseball-dragons.fr\/\"},{\"@type\":\"ListItem\",\"position\":2,\"name\":\"Le Club\",\"item\":\"http:\/\/www.baseball-dragons.fr\/index.php\/le-club\/\"},{\"@type\":\"ListItem\",\"position\":3,\"name\":\"Nos \u00e9quipes\"}]},{\"@type\":\"WebSite\",\"@id\":\"https:\/\/www.baseball-dragons.fr\/#website\",\"url\":\"https:\/\/www.baseball-dragons.fr\/\",\"name\":\"Les DRAGONS du Nord-Is\u00e8re - Baseball - Softball\",\"description\":\"\u00e0 Villefontaine, Saint-Quentin-Fallavier, L&#039;Isle-d&#039;Abeau, La Verpilli\u00e8re ...  Let&#039;s Go Dragons !\",\"publisher\":{\"@id\":\"https:\/\/www.baseball-dragons.fr\/#organization\"},\"potentialAction\":[{\"@type\":\"SearchAction\",\"target\":{\"@type\":\"EntryPoint\",\"urlTemplate\":\"https:\/\/www.baseball-dragons.fr\/?s={search_term_string}\"},\"query-input\":{\"@type\":\"PropertyValueSpecification\",\"valueRequired\":true,\"valueName\":\"search_term_string\"}}],\"inLanguage\":\"fr-FR\"},{\"@type\":\"Organization\",\"@id\":\"https:\/\/www.baseball-dragons.fr\/#organization\",\"name\":\"LES DRAGONS\",\"url\":\"https:\/\/www.baseball-dragons.fr\/\",\"logo\":{\"@type\":\"ImageObject\",\"inLanguage\":\"fr-FR\",\"@id\":\"https:\/\/www.baseball-dragons.fr\/#\/schema\/logo\/image\/\",\"url\":\"https:\/\/www.baseball-dragons.fr\/wp-content\/uploads\/2019\/04\/Logo_ASVF.gif\",\"contentUrl\":\"https:\/\/www.baseball-dragons.fr\/wp-content\/uploads\/2019\/04\/Logo_ASVF.gif\",\"width\":448,\"height\":324,\"caption\":\"LES DRAGONS\"},\"image\":{\"@id\":\"https:\/\/www.baseball-dragons.fr\/#\/schema\/logo\/image\/\"},\"sameAs\":[\"https:\/\/www.facebook.com\/baseballdragonsfr\/\",\"https:\/\/x.com\/AsvfDragons\",\"https:\/\/www.instagram.com\/asvfbaseballdragons38090\/\"]}]}<\/script>\n<!-- \/ Yoast SEO plugin. -->","yoast_head_json":{"title":"Nos \u00e9quipes - Les DRAGONS du Nord-Is\u00e8re - Baseball - Softball","robots":{"index":"index","follow":"follow","max-snippet":"max-snippet:-1","max-image-preview":"max-image-preview:large","max-video-preview":"max-video-preview:-1"},"canonical":"https:\/\/www.baseball-dragons.fr\/index.php\/le-club\/nos-equipes-2\/","og_locale":"fr_FR","og_type":"article","og_title":"Nos \u00e9quipes - Les DRAGONS du Nord-Is\u00e8re - Baseball - Softball","og_description":"&nbsp;","og_url":"https:\/\/www.baseball-dragons.fr\/index.php\/le-club\/nos-equipes-2\/","og_site_name":"Les DRAGONS du Nord-Is\u00e8re - Baseball - Softball","article_publisher":"https:\/\/www.facebook.com\/baseballdragonsfr\/","article_modified_time":"2025-12-10T19:34:38+00:00","og_image":[{"width":1920,"height":600,"url":"https:\/\/www.baseball-dragons.fr\/wp-content\/uploads\/2025\/12\/bandeau-nos-equipes-et-label-HP-2526.png","type":"image\/png"}],"twitter_card":"summary_large_image","twitter_site":"@AsvfDragons","twitter_misc":{"Dur\u00e9e de lecture estim\u00e9e":"1 minute"},"schema":{"@context":"https:\/\/schema.org","@graph":[{"@type":"WebPage","@id":"https:\/\/www.baseball-dragons.fr\/index.php\/le-club\/nos-equipes-2\/","url":"https:\/\/www.baseball-dragons.fr\/index.php\/le-club\/nos-equipes-2\/","name":"Nos \u00e9quipes - Les DRAGONS du Nord-Is\u00e8re - Baseball - Softball","isPartOf":{"@id":"https:\/\/www.baseball-dragons.fr\/#website"},"primaryImageOfPage":{"@id":"https:\/\/www.baseball-dragons.fr\/index.php\/le-club\/nos-equipes-2\/#primaryimage"},"image":{"@id":"https:\/\/www.baseball-dragons.fr\/index.php\/le-club\/nos-equipes-2\/#primaryimage"},"thumbnailUrl":"http:\/\/www.baseball-dragons.fr\/wp-content\/uploads\/2025\/12\/bandeau-nos-equipes-et-label-HP-2526.png","datePublished":"2022-08-09T07:45:16+00:00","dateModified":"2025-12-10T19:34:38+00:00","breadcrumb":{"@id":"https:\/\/www.baseball-dragons.fr\/index.php\/le-club\/nos-equipes-2\/#breadcrumb"},"inLanguage":"fr-FR","potentialAction":[{"@type":"ReadAction","target":["https:\/\/www.baseball-dragons.fr\/index.php\/le-club\/nos-equipes-2\/"]}]},{"@type":"ImageObject","inLanguage":"fr-FR","@id":"https:\/\/www.baseball-dragons.fr\/index.php\/le-club\/nos-equipes-2\/#primaryimage","url":"https:\/\/www.baseball-dragons.fr\/wp-content\/uploads\/2025\/12\/bandeau-nos-equipes-et-label-HP-2526.png","contentUrl":"https:\/\/www.baseball-dragons.fr\/wp-content\/uploads\/2025\/12\/bandeau-nos-equipes-et-label-HP-2526.png","width":1920,"height":600},{"@type":"BreadcrumbList","@id":"https:\/\/www.baseball-dragons.fr\/index.php\/le-club\/nos-equipes-2\/#breadcrumb","itemListElement":[{"@type":"ListItem","position":1,"name":"Accueil","item":"https:\/\/www.baseball-dragons.fr\/"},{"@type":"ListItem","position":2,"name":"Le Club","item":"http:\/\/www.baseball-dragons.fr\/index.php\/le-club\/"},{"@type":"ListItem","position":3,"name":"Nos \u00e9quipes"}]},{"@type":"WebSite","@id":"https:\/\/www.baseball-dragons.fr\/#website","url":"https:\/\/www.baseball-dragons.fr\/","name":"Les DRAGONS du Nord-Is\u00e8re - Baseball - Softball","description":"\u00e0 Villefontaine, Saint-Quentin-Fallavier, L&#039;Isle-d&#039;Abeau, La Verpilli\u00e8re ...  Let&#039;s Go Dragons !","publisher":{"@id":"https:\/\/www.baseball-dragons.fr\/#organization"},"potentialAction":[{"@type":"SearchAction","target":{"@type":"EntryPoint","urlTemplate":"https:\/\/www.baseball-dragons.fr\/?s={search_term_string}"},"query-input":{"@type":"PropertyValueSpecification","valueRequired":true,"valueName":"search_term_string"}}],"inLanguage":"fr-FR"},{"@type":"Organization","@id":"https:\/\/www.baseball-dragons.fr\/#organization","name":"LES DRAGONS","url":"https:\/\/www.baseball-dragons.fr\/","logo":{"@type":"ImageObject","inLanguage":"fr-FR","@id":"https:\/\/www.baseball-dragons.fr\/#\/schema\/logo\/image\/","url":"https:\/\/www.baseball-dragons.fr\/wp-content\/uploads\/2019\/04\/Logo_ASVF.gif","contentUrl":"https:\/\/www.baseball-dragons.fr\/wp-content\/uploads\/2019\/04\/Logo_ASVF.gif","width":448,"height":324,"caption":"LES DRAGONS"},"image":{"@id":"https:\/\/www.baseball-dragons.fr\/#\/schema\/logo\/image\/"},"sameAs":["https:\/\/www.facebook.com\/baseballdragonsfr\/","https:\/\/x.com\/AsvfDragons","https:\/\/www.instagram.com\/asvfbaseballdragons38090\/"]}]}},"jetpack_sharing_enabled":true,"jetpack_shortlink":"https:\/\/wp.me\/P7VhYh-tA","_links":{"self":[{"href":"https:\/\/www.baseball-dragons.fr\/index.php\/wp-json\/wp\/v2\/pages\/1834","targetHints":{"allow":["GET"]}}],"collection":[{"href":"https:\/\/www.baseball-dragons.fr\/index.php\/wp-json\/wp\/v2\/pages"}],"about":[{"href":"https:\/\/www.baseball-dragons.fr\/index.php\/wp-json\/wp\/v2\/types\/page"}],"author":[{"embeddable":true,"href":"https:\/\/www.baseball-dragons.fr\/index.php\/wp-json\/wp\/v2\/users\/7"}],"replies":[{"embeddable":true,"href":"https:\/\/www.baseball-dragons.fr\/index.php\/wp-json\/wp\/v2\/comments?post=1834"}],"version-history":[{"count":12,"href":"https:\/\/www.baseball-dragons.fr\/index.php\/wp-json\/wp\/v2\/pages\/1834\/revisions"}],"predecessor-version":[{"id":3100,"href":"https:\/\/www.baseball-dragons.fr\/index.php\/wp-json\/wp\/v2\/pages\/1834\/revisions\/3100"}],"up":[{"embeddable":true,"href":"https:\/\/www.baseball-dragons.fr\/index.php\/wp-json\/wp\/v2\/pages\/1814"}],"wp:attachment":[{"href":"https:\/\/www.baseball-dragons.fr\/index.php\/wp-json\/wp\/v2\/media?parent=1834"}],"curies":[{"name":"wp","href":"https:\/\/api.w.org\/{rel}","templated":true}]}}