{"id":1788,"date":"2022-08-08T11:35:51","date_gmt":"2022-08-08T09:35:51","guid":{"rendered":"https:\/\/www.baseball-dragons.fr\/?page_id=1788"},"modified":"2022-08-18T10:04:00","modified_gmt":"2022-08-18T08:04:00","slug":"lieux-de-pratique","status":"publish","type":"page","link":"https:\/\/www.baseball-dragons.fr\/index.php\/lieux-de-pratique\/","title":{"rendered":"Lieux de pratique"},"content":{"rendered":"<p>Trois lieux de pratiques :<\/p>\n<ul style=\"list-style-type: disc;\">\n<li><strong>Le Stade Perredi\u00e8re, Rue de la Raz &#8211; 38090 &#8211; Villefontaine<\/strong>\n<ul style=\"list-style-type: disc;\">\n<li><em>En voiture : se garer sur le parking circulaire \u00e0 c\u00f4t\u00e9 du skatepark puis suivre \u00e0 pieds la route goudronn\u00e9 entre le centre tennistique et le skatepark ;<\/em><\/li>\n<li><em>En bus : ligne A et B arr\u00eat \u00ab\u00a0Centre tennistique\u00a0\u00bb, rejoindre le parking circulaire en contrebas puis suivre \u00e0 pieds la route goudronn\u00e9 entre le centre tennistique et le skatepark.<\/em><\/li>\n<\/ul>\n<\/li>\n<\/ul>\n<ul style=\"list-style-type: disc;\">\n<li><strong>Le gymnase Bernard Jeu, 1 avenue des Pins &#8211; 38090 &#8211; Villefontaine<\/strong>\n<ul style=\"list-style-type: disc;\">\n<li><em>En voiture : se garer le long de la route en bas de l&rsquo;avenue puis rejoindre le gymnase plus haut \u00e0 pieds en passant par les escaliers sur la gauche de la route (dans le sens de la mont\u00e9) ;<\/em><\/li>\n<li><em>En bus : ligne F arr\u00eat \u00ab\u00a0GS4 L&rsquo;\u00e9tang\u00a0\u00bb, descendre l&rsquo;avenue puis remonter par les escaliers sur la droite de la route.<\/em><\/li>\n<\/ul>\n<\/li>\n<\/ul>\n<ul style=\"list-style-type: disc;\">\n<li><strong>Le stade St Hubert, Bd St Hubert &#8211; 38080 &#8211; L&rsquo;Isle d\u2019Abeau<\/strong>\n<ul style=\"list-style-type: disc;\">\n<li><em>En voiture : se garer sur le parking du Centre Social Michel Colucci puis rejoindre le terrain adjacent ;<\/em><\/li>\n<li><em>En bus : ligne A et E arr\u00eat \u00ab\u00a0Gymnase St Hubert\u00a0\u00bb, traverser le parking du Centre Social Michel Colucci puis rejoindre le terrain adjacent.<\/em><\/li>\n<\/ul>\n<\/li>\n<\/ul>\n","protected":false},"excerpt":{"rendered":"<p>Trois lieux de pratiques : Le Stade Perredi\u00e8re, Rue de la Raz &#8211; 38090 &#8211; Villefontaine En voiture : se garer sur le parking circulaire \u00e0 c\u00f4t\u00e9 du skatepark puis suivre \u00e0 pieds la route goudronn\u00e9 entre le centre tennistique et le skatepark ; En bus : ligne A et B arr\u00eat \u00ab\u00a0Centre tennistique\u00a0\u00bb, rejoindre [&hellip;]<\/p>\n","protected":false},"author":7,"featured_media":0,"parent":0,"menu_order":0,"comment_status":"closed","ping_status":"closed","template":"","meta":{"ngg_post_thumbnail":0,"footnotes":""},"class_list":["post-1788","page","type-page","status-publish","hentry"],"yoast_head":"<!-- This site is optimized with the Yoast SEO plugin v26.4 - https:\/\/yoast.com\/wordpress\/plugins\/seo\/ -->\n<title>Lieux de pratique - Les DRAGONS du Nord-Is\u00e8re - Baseball - Softball<\/title>\n<meta name=\"robots\" content=\"index, follow, max-snippet:-1, max-image-preview:large, max-video-preview:-1\" \/>\n<link rel=\"canonical\" href=\"https:\/\/www.baseball-dragons.fr\/index.php\/lieux-de-pratique\/\" \/>\n<meta property=\"og:locale\" content=\"fr_FR\" \/>\n<meta property=\"og:type\" content=\"article\" \/>\n<meta property=\"og:title\" content=\"Lieux de pratique - Les DRAGONS du Nord-Is\u00e8re - Baseball - Softball\" \/>\n<meta property=\"og:description\" content=\"Trois lieux de pratiques : Le Stade Perredi\u00e8re, Rue de la Raz &#8211; 38090 &#8211; Villefontaine En voiture : se garer sur le parking circulaire \u00e0 c\u00f4t\u00e9 du skatepark puis suivre \u00e0 pieds la route goudronn\u00e9 entre le centre tennistique et le skatepark ; En bus : ligne A et B arr\u00eat \u00ab\u00a0Centre tennistique\u00a0\u00bb, rejoindre [&hellip;]\" \/>\n<meta property=\"og:url\" content=\"https:\/\/www.baseball-dragons.fr\/index.php\/lieux-de-pratique\/\" \/>\n<meta property=\"og:site_name\" content=\"Les DRAGONS du Nord-Is\u00e8re - Baseball - Softball\" \/>\n<meta property=\"article:publisher\" content=\"https:\/\/www.facebook.com\/baseballdragonsfr\/\" \/>\n<meta property=\"article:modified_time\" content=\"2022-08-18T08:04:00+00:00\" \/>\n<meta name=\"twitter:card\" content=\"summary_large_image\" \/>\n<meta name=\"twitter:site\" content=\"@AsvfDragons\" \/>\n<meta name=\"twitter:label1\" content=\"Dur\u00e9e de lecture estim\u00e9e\" \/>\n\t<meta name=\"twitter:data1\" content=\"1 minute\" \/>\n<script type=\"application\/ld+json\" class=\"yoast-schema-graph\">{\"@context\":\"https:\/\/schema.org\",\"@graph\":[{\"@type\":\"WebPage\",\"@id\":\"https:\/\/www.baseball-dragons.fr\/index.php\/lieux-de-pratique\/\",\"url\":\"https:\/\/www.baseball-dragons.fr\/index.php\/lieux-de-pratique\/\",\"name\":\"Lieux de pratique - Les DRAGONS du Nord-Is\u00e8re - Baseball - Softball\",\"isPartOf\":{\"@id\":\"https:\/\/www.baseball-dragons.fr\/#website\"},\"datePublished\":\"2022-08-08T09:35:51+00:00\",\"dateModified\":\"2022-08-18T08:04:00+00:00\",\"breadcrumb\":{\"@id\":\"https:\/\/www.baseball-dragons.fr\/index.php\/lieux-de-pratique\/#breadcrumb\"},\"inLanguage\":\"fr-FR\",\"potentialAction\":[{\"@type\":\"ReadAction\",\"target\":[\"https:\/\/www.baseball-dragons.fr\/index.php\/lieux-de-pratique\/\"]}]},{\"@type\":\"BreadcrumbList\",\"@id\":\"https:\/\/www.baseball-dragons.fr\/index.php\/lieux-de-pratique\/#breadcrumb\",\"itemListElement\":[{\"@type\":\"ListItem\",\"position\":1,\"name\":\"Accueil\",\"item\":\"https:\/\/www.baseball-dragons.fr\/\"},{\"@type\":\"ListItem\",\"position\":2,\"name\":\"Lieux de pratique\"}]},{\"@type\":\"WebSite\",\"@id\":\"https:\/\/www.baseball-dragons.fr\/#website\",\"url\":\"https:\/\/www.baseball-dragons.fr\/\",\"name\":\"Les DRAGONS du Nord-Is\u00e8re - Baseball - Softball\",\"description\":\"\u00e0 Villefontaine, Saint-Quentin-Fallavier, L&#039;Isle-d&#039;Abeau, La Verpilli\u00e8re ...  Let&#039;s Go Dragons !\",\"publisher\":{\"@id\":\"https:\/\/www.baseball-dragons.fr\/#organization\"},\"potentialAction\":[{\"@type\":\"SearchAction\",\"target\":{\"@type\":\"EntryPoint\",\"urlTemplate\":\"https:\/\/www.baseball-dragons.fr\/?s={search_term_string}\"},\"query-input\":{\"@type\":\"PropertyValueSpecification\",\"valueRequired\":true,\"valueName\":\"search_term_string\"}}],\"inLanguage\":\"fr-FR\"},{\"@type\":\"Organization\",\"@id\":\"https:\/\/www.baseball-dragons.fr\/#organization\",\"name\":\"LES DRAGONS\",\"url\":\"https:\/\/www.baseball-dragons.fr\/\",\"logo\":{\"@type\":\"ImageObject\",\"inLanguage\":\"fr-FR\",\"@id\":\"https:\/\/www.baseball-dragons.fr\/#\/schema\/logo\/image\/\",\"url\":\"https:\/\/www.baseball-dragons.fr\/wp-content\/uploads\/2019\/04\/Logo_ASVF.gif\",\"contentUrl\":\"https:\/\/www.baseball-dragons.fr\/wp-content\/uploads\/2019\/04\/Logo_ASVF.gif\",\"width\":448,\"height\":324,\"caption\":\"LES DRAGONS\"},\"image\":{\"@id\":\"https:\/\/www.baseball-dragons.fr\/#\/schema\/logo\/image\/\"},\"sameAs\":[\"https:\/\/www.facebook.com\/baseballdragonsfr\/\",\"https:\/\/x.com\/AsvfDragons\",\"https:\/\/www.instagram.com\/asvfbaseballdragons38090\/\"]}]}<\/script>\n<!-- \/ Yoast SEO plugin. -->","yoast_head_json":{"title":"Lieux de pratique - Les DRAGONS du Nord-Is\u00e8re - Baseball - Softball","robots":{"index":"index","follow":"follow","max-snippet":"max-snippet:-1","max-image-preview":"max-image-preview:large","max-video-preview":"max-video-preview:-1"},"canonical":"https:\/\/www.baseball-dragons.fr\/index.php\/lieux-de-pratique\/","og_locale":"fr_FR","og_type":"article","og_title":"Lieux de pratique - Les DRAGONS du Nord-Is\u00e8re - Baseball - Softball","og_description":"Trois lieux de pratiques : Le Stade Perredi\u00e8re, Rue de la Raz &#8211; 38090 &#8211; Villefontaine En voiture : se garer sur le parking circulaire \u00e0 c\u00f4t\u00e9 du skatepark puis suivre \u00e0 pieds la route goudronn\u00e9 entre le centre tennistique et le skatepark ; En bus : ligne A et B arr\u00eat \u00ab\u00a0Centre tennistique\u00a0\u00bb, rejoindre [&hellip;]","og_url":"https:\/\/www.baseball-dragons.fr\/index.php\/lieux-de-pratique\/","og_site_name":"Les DRAGONS du Nord-Is\u00e8re - Baseball - Softball","article_publisher":"https:\/\/www.facebook.com\/baseballdragonsfr\/","article_modified_time":"2022-08-18T08:04:00+00:00","twitter_card":"summary_large_image","twitter_site":"@AsvfDragons","twitter_misc":{"Dur\u00e9e de lecture estim\u00e9e":"1 minute"},"schema":{"@context":"https:\/\/schema.org","@graph":[{"@type":"WebPage","@id":"https:\/\/www.baseball-dragons.fr\/index.php\/lieux-de-pratique\/","url":"https:\/\/www.baseball-dragons.fr\/index.php\/lieux-de-pratique\/","name":"Lieux de pratique - Les DRAGONS du Nord-Is\u00e8re - Baseball - Softball","isPartOf":{"@id":"https:\/\/www.baseball-dragons.fr\/#website"},"datePublished":"2022-08-08T09:35:51+00:00","dateModified":"2022-08-18T08:04:00+00:00","breadcrumb":{"@id":"https:\/\/www.baseball-dragons.fr\/index.php\/lieux-de-pratique\/#breadcrumb"},"inLanguage":"fr-FR","potentialAction":[{"@type":"ReadAction","target":["https:\/\/www.baseball-dragons.fr\/index.php\/lieux-de-pratique\/"]}]},{"@type":"BreadcrumbList","@id":"https:\/\/www.baseball-dragons.fr\/index.php\/lieux-de-pratique\/#breadcrumb","itemListElement":[{"@type":"ListItem","position":1,"name":"Accueil","item":"https:\/\/www.baseball-dragons.fr\/"},{"@type":"ListItem","position":2,"name":"Lieux de pratique"}]},{"@type":"WebSite","@id":"https:\/\/www.baseball-dragons.fr\/#website","url":"https:\/\/www.baseball-dragons.fr\/","name":"Les DRAGONS du Nord-Is\u00e8re - Baseball - Softball","description":"\u00e0 Villefontaine, Saint-Quentin-Fallavier, L&#039;Isle-d&#039;Abeau, La Verpilli\u00e8re ...  Let&#039;s Go Dragons !","publisher":{"@id":"https:\/\/www.baseball-dragons.fr\/#organization"},"potentialAction":[{"@type":"SearchAction","target":{"@type":"EntryPoint","urlTemplate":"https:\/\/www.baseball-dragons.fr\/?s={search_term_string}"},"query-input":{"@type":"PropertyValueSpecification","valueRequired":true,"valueName":"search_term_string"}}],"inLanguage":"fr-FR"},{"@type":"Organization","@id":"https:\/\/www.baseball-dragons.fr\/#organization","name":"LES DRAGONS","url":"https:\/\/www.baseball-dragons.fr\/","logo":{"@type":"ImageObject","inLanguage":"fr-FR","@id":"https:\/\/www.baseball-dragons.fr\/#\/schema\/logo\/image\/","url":"https:\/\/www.baseball-dragons.fr\/wp-content\/uploads\/2019\/04\/Logo_ASVF.gif","contentUrl":"https:\/\/www.baseball-dragons.fr\/wp-content\/uploads\/2019\/04\/Logo_ASVF.gif","width":448,"height":324,"caption":"LES DRAGONS"},"image":{"@id":"https:\/\/www.baseball-dragons.fr\/#\/schema\/logo\/image\/"},"sameAs":["https:\/\/www.facebook.com\/baseballdragonsfr\/","https:\/\/x.com\/AsvfDragons","https:\/\/www.instagram.com\/asvfbaseballdragons38090\/"]}]}},"jetpack_sharing_enabled":true,"jetpack_shortlink":"https:\/\/wp.me\/P7VhYh-sQ","_links":{"self":[{"href":"https:\/\/www.baseball-dragons.fr\/index.php\/wp-json\/wp\/v2\/pages\/1788","targetHints":{"allow":["GET"]}}],"collection":[{"href":"https:\/\/www.baseball-dragons.fr\/index.php\/wp-json\/wp\/v2\/pages"}],"about":[{"href":"https:\/\/www.baseball-dragons.fr\/index.php\/wp-json\/wp\/v2\/types\/page"}],"author":[{"embeddable":true,"href":"https:\/\/www.baseball-dragons.fr\/index.php\/wp-json\/wp\/v2\/users\/7"}],"replies":[{"embeddable":true,"href":"https:\/\/www.baseball-dragons.fr\/index.php\/wp-json\/wp\/v2\/comments?post=1788"}],"version-history":[{"count":7,"href":"https:\/\/www.baseball-dragons.fr\/index.php\/wp-json\/wp\/v2\/pages\/1788\/revisions"}],"predecessor-version":[{"id":1942,"href":"https:\/\/www.baseball-dragons.fr\/index.php\/wp-json\/wp\/v2\/pages\/1788\/revisions\/1942"}],"wp:attachment":[{"href":"https:\/\/www.baseball-dragons.fr\/index.php\/wp-json\/wp\/v2\/media?parent=1788"}],"curies":[{"name":"wp","href":"https:\/\/api.w.org\/{rel}","templated":true}]}}