{"id":1787,"date":"2022-08-08T11:35:51","date_gmt":"2022-08-08T09:35:51","guid":{"rendered":"https:\/\/www.baseball-dragons.fr\/?page_id=1787"},"modified":"2025-11-27T23:02:09","modified_gmt":"2025-11-27T22:02:09","slug":"horaires","status":"publish","type":"page","link":"https:\/\/www.baseball-dragons.fr\/index.php\/horaires\/","title":{"rendered":"Horaires des entrainements et lieux de pratique"},"content":{"rendered":"<p><img loading=\"lazy\" decoding=\"async\" class=\"aligncenter size-full wp-image-3009\" src=\"http:\/\/www.baseball-dragons.fr\/wp-content\/uploads\/2025\/11\/horaires-et-Lieux-dentrainements2.png\" alt=\"\" width=\"2191\" height=\"927\" srcset=\"https:\/\/www.baseball-dragons.fr\/wp-content\/uploads\/2025\/11\/horaires-et-Lieux-dentrainements2.png 2191w, https:\/\/www.baseball-dragons.fr\/wp-content\/uploads\/2025\/11\/horaires-et-Lieux-dentrainements2-300x127.png 300w, https:\/\/www.baseball-dragons.fr\/wp-content\/uploads\/2025\/11\/horaires-et-Lieux-dentrainements2-1024x433.png 1024w, https:\/\/www.baseball-dragons.fr\/wp-content\/uploads\/2025\/11\/horaires-et-Lieux-dentrainements2-768x325.png 768w, https:\/\/www.baseball-dragons.fr\/wp-content\/uploads\/2025\/11\/horaires-et-Lieux-dentrainements2-1536x650.png 1536w, https:\/\/www.baseball-dragons.fr\/wp-content\/uploads\/2025\/11\/horaires-et-Lieux-dentrainements2-2048x866.png 2048w, https:\/\/www.baseball-dragons.fr\/wp-content\/uploads\/2025\/11\/horaires-et-Lieux-dentrainements2-128x54.png 128w, https:\/\/www.baseball-dragons.fr\/wp-content\/uploads\/2025\/11\/horaires-et-Lieux-dentrainements2-32x14.png 32w, https:\/\/www.baseball-dragons.fr\/wp-content\/uploads\/2025\/11\/horaires-et-Lieux-dentrainements2-2x1.png 2w\" sizes=\"auto, (max-width: 2191px) 100vw, 2191px\" \/><\/p>\n<p><img loading=\"lazy\" decoding=\"async\" class=\"aligncenter wp-image-2851\" src=\"http:\/\/www.baseball-dragons.fr\/wp-content\/uploads\/2025\/08\/quelle-est-ma-categorie.png\" alt=\"\" width=\"1028\" height=\"677\" srcset=\"https:\/\/www.baseball-dragons.fr\/wp-content\/uploads\/2025\/08\/quelle-est-ma-categorie.png 1420w, https:\/\/www.baseball-dragons.fr\/wp-content\/uploads\/2025\/08\/quelle-est-ma-categorie-300x198.png 300w, https:\/\/www.baseball-dragons.fr\/wp-content\/uploads\/2025\/08\/quelle-est-ma-categorie-1024x674.png 1024w, https:\/\/www.baseball-dragons.fr\/wp-content\/uploads\/2025\/08\/quelle-est-ma-categorie-768x506.png 768w, https:\/\/www.baseball-dragons.fr\/wp-content\/uploads\/2025\/08\/quelle-est-ma-categorie-128x84.png 128w, https:\/\/www.baseball-dragons.fr\/wp-content\/uploads\/2025\/08\/quelle-est-ma-categorie-32x21.png 32w, https:\/\/www.baseball-dragons.fr\/wp-content\/uploads\/2025\/08\/quelle-est-ma-categorie-2x1.png 2w\" sizes=\"auto, (max-width: 1028px) 100vw, 1028px\" \/><\/p>\n<p>&nbsp;<\/p>\n<p style=\"text-align: center;\">&nbsp;<\/p>\n<p><strong style=\"font-family: 'Open Sans', sans-serif; font-size: 14px; font-style: normal;\"><img loading=\"lazy\" decoding=\"async\" class=\"aligncenter wp-image-2990 size-full\" style=\"font-weight: 400;\" src=\"http:\/\/www.baseball-dragons.fr\/wp-content\/uploads\/2025\/11\/carte-site-web.png\" alt=\"\" width=\"1024\" height=\"724\" srcset=\"https:\/\/www.baseball-dragons.fr\/wp-content\/uploads\/2025\/11\/carte-site-web.png 1024w, https:\/\/www.baseball-dragons.fr\/wp-content\/uploads\/2025\/11\/carte-site-web-300x212.png 300w, https:\/\/www.baseball-dragons.fr\/wp-content\/uploads\/2025\/11\/carte-site-web-768x543.png 768w, https:\/\/www.baseball-dragons.fr\/wp-content\/uploads\/2025\/11\/carte-site-web-128x91.png 128w, https:\/\/www.baseball-dragons.fr\/wp-content\/uploads\/2025\/11\/carte-site-web-32x23.png 32w, https:\/\/www.baseball-dragons.fr\/wp-content\/uploads\/2025\/11\/carte-site-web-1x1.png 1w\" sizes=\"auto, (max-width: 1024px) 100vw, 1024px\" \/><\/strong><\/p>\n<p><strong><span style=\"color: #ff0000; font-size: 14pt;\">4 lieux de pratique :<\/span><\/strong><\/p>\n<ul style=\"list-style-type: disc;\">\n<li><strong>Le Stade Perredi\u00e8re, Rue des Sports &#8211; 38090 &#8211; Villefontaine<\/strong>\n<ul style=\"list-style-type: disc;\">\n<li><em>En voiture : se garer sur le parking circulaire \u00e0 c\u00f4t\u00e9 du skatepark puis suivre \u00e0 pieds la route goudronn\u00e9e entre le centre tennistique et le skatepark ;<\/em><\/li>\n<li><em>En bus : ligne A et B arr\u00eat \u00ab\u00a0Centre tennistique\u00a0\u00bb, rejoindre le parking circulaire en contrebas puis suivre \u00e0 pieds la route goudronn\u00e9e entre le centre tennistique et le skatepark.<\/em><\/li>\n<\/ul>\n<\/li>\n<\/ul>\n<ul style=\"list-style-type: disc;\">\n<li><strong>Le gymnase Bernard Jeu, 1 avenue des Pins &#8211; 38090 &#8211; Villefontaine<\/strong>\n<ul style=\"list-style-type: disc;\">\n<li><em>En voiture : se garer le long de la route en bas de l&rsquo;avenue puis rejoindre le gymnase plus haut \u00e0 pieds en passant par les escaliers sur la gauche de la route (dans le sens de la mont\u00e9e) ;<\/em><\/li>\n<li><em>En bus : ligne F arr\u00eat \u00ab\u00a0GS4 L&rsquo;\u00e9tang\u00a0\u00bb, descendre l&rsquo;avenue puis remonter par les escaliers sur la droite de la route.<\/em><\/li>\n<\/ul>\n<\/li>\n<\/ul>\n<ul style=\"list-style-type: disc;\">\n<li><strong>Le stade St Hubert, Bd St Hubert &#8211; 38080 &#8211; L&rsquo;Isle d\u2019Abeau<\/strong>\n<ul style=\"list-style-type: disc;\">\n<li><em>En voiture : se garer sur le parking du Centre Social Michel Colucci puis rejoindre le terrain adjacent ;<\/em><\/li>\n<li><em>En bus : ligne A et E arr\u00eat \u00ab\u00a0Gymnase St Hubert\u00a0\u00bb, traverser le parking du Centre Social Michel Colucci puis rejoindre le terrain adjacent.<\/em><\/li>\n<\/ul>\n<\/li>\n<\/ul>\n<ul style=\"list-style-type: disc;\">\n<li><strong>Le stade Lionel Terray, chemin des Picoti\u00e8res, Villefontaine&nbsp;<\/strong>\n<ul style=\"list-style-type: disc;\">\n<li><em>En voiture : se garer sur le parking du Gymnase <\/em>Jacques Anquetil<\/li>\n<\/ul>\n<\/li>\n<\/ul>\n<p style=\"text-align: center;\">Une fresque orne les murs de la \u00ab\u00a0Base\u00a0\u00bb du club au stade Perredi\u00e8re. Vous ne pouvez pas nous rater !<\/p>\n<p><img loading=\"lazy\" decoding=\"async\" class=\"aligncenter wp-image-2143 size-large\" src=\"http:\/\/www.baseball-dragons.fr\/wp-content\/uploads\/2023\/11\/311881867_567448245182985_3681164165472814929_n-1-1024x771.jpg\" alt=\"\" width=\"654\" height=\"492\" srcset=\"https:\/\/www.baseball-dragons.fr\/wp-content\/uploads\/2023\/11\/311881867_567448245182985_3681164165472814929_n-1-1024x771.jpg 1024w, https:\/\/www.baseball-dragons.fr\/wp-content\/uploads\/2023\/11\/311881867_567448245182985_3681164165472814929_n-1-300x226.jpg 300w, https:\/\/www.baseball-dragons.fr\/wp-content\/uploads\/2023\/11\/311881867_567448245182985_3681164165472814929_n-1-768x578.jpg 768w, https:\/\/www.baseball-dragons.fr\/wp-content\/uploads\/2023\/11\/311881867_567448245182985_3681164165472814929_n-1-1536x1157.jpg 1536w, https:\/\/www.baseball-dragons.fr\/wp-content\/uploads\/2023\/11\/311881867_567448245182985_3681164165472814929_n-1-128x96.jpg 128w, https:\/\/www.baseball-dragons.fr\/wp-content\/uploads\/2023\/11\/311881867_567448245182985_3681164165472814929_n-1-32x24.jpg 32w, https:\/\/www.baseball-dragons.fr\/wp-content\/uploads\/2023\/11\/311881867_567448245182985_3681164165472814929_n-1-1x1.jpg 1w, https:\/\/www.baseball-dragons.fr\/wp-content\/uploads\/2023\/11\/311881867_567448245182985_3681164165472814929_n-1.jpg 2048w\" sizes=\"auto, (max-width: 654px) 100vw, 654px\" \/><\/p>\n","protected":false},"excerpt":{"rendered":"<p>&nbsp; &nbsp; 4 lieux de pratique : Le Stade Perredi\u00e8re, Rue des Sports &#8211; 38090 &#8211; Villefontaine En voiture : se garer sur le parking circulaire \u00e0 c\u00f4t\u00e9 du skatepark puis suivre \u00e0 pieds la route goudronn\u00e9e entre le centre tennistique et le skatepark ; En bus : ligne A et B arr\u00eat \u00ab\u00a0Centre tennistique\u00a0\u00bb, [&hellip;]<\/p>\n","protected":false},"author":7,"featured_media":0,"parent":0,"menu_order":0,"comment_status":"closed","ping_status":"closed","template":"","meta":{"ngg_post_thumbnail":0,"footnotes":""},"class_list":["post-1787","page","type-page","status-publish","hentry"],"yoast_head":"<!-- This site is optimized with the Yoast SEO plugin v26.4 - https:\/\/yoast.com\/wordpress\/plugins\/seo\/ -->\n<title>Horaires des entrainements et lieux de pratique - Les DRAGONS du Nord-Is\u00e8re - Baseball - Softball<\/title>\n<meta name=\"robots\" content=\"index, follow, max-snippet:-1, max-image-preview:large, max-video-preview:-1\" \/>\n<link rel=\"canonical\" href=\"https:\/\/www.baseball-dragons.fr\/index.php\/horaires\/\" \/>\n<meta property=\"og:locale\" content=\"fr_FR\" \/>\n<meta property=\"og:type\" content=\"article\" \/>\n<meta property=\"og:title\" content=\"Horaires des entrainements et lieux de pratique - Les DRAGONS du Nord-Is\u00e8re - Baseball - Softball\" \/>\n<meta property=\"og:description\" content=\"&nbsp; &nbsp; 4 lieux de pratique : Le Stade Perredi\u00e8re, Rue des Sports &#8211; 38090 &#8211; Villefontaine En voiture : se garer sur le parking circulaire \u00e0 c\u00f4t\u00e9 du skatepark puis suivre \u00e0 pieds la route goudronn\u00e9e entre le centre tennistique et le skatepark ; En bus : ligne A et B arr\u00eat \u00ab\u00a0Centre tennistique\u00a0\u00bb, [&hellip;]\" \/>\n<meta property=\"og:url\" content=\"https:\/\/www.baseball-dragons.fr\/index.php\/horaires\/\" \/>\n<meta property=\"og:site_name\" content=\"Les DRAGONS du Nord-Is\u00e8re - Baseball - Softball\" \/>\n<meta property=\"article:publisher\" content=\"https:\/\/www.facebook.com\/baseballdragonsfr\/\" \/>\n<meta property=\"article:modified_time\" content=\"2025-11-27T22:02:09+00:00\" \/>\n<meta property=\"og:image\" content=\"https:\/\/www.baseball-dragons.fr\/wp-content\/uploads\/2025\/11\/horaires-et-Lieux-dentrainements2.png\" \/>\n\t<meta property=\"og:image:width\" content=\"2191\" \/>\n\t<meta property=\"og:image:height\" content=\"927\" \/>\n\t<meta property=\"og:image:type\" content=\"image\/png\" \/>\n<meta name=\"twitter:card\" content=\"summary_large_image\" \/>\n<meta name=\"twitter:site\" content=\"@AsvfDragons\" \/>\n<meta name=\"twitter:label1\" content=\"Dur\u00e9e de lecture estim\u00e9e\" \/>\n\t<meta name=\"twitter:data1\" content=\"2 minutes\" \/>\n<script type=\"application\/ld+json\" class=\"yoast-schema-graph\">{\"@context\":\"https:\/\/schema.org\",\"@graph\":[{\"@type\":\"WebPage\",\"@id\":\"https:\/\/www.baseball-dragons.fr\/index.php\/horaires\/\",\"url\":\"https:\/\/www.baseball-dragons.fr\/index.php\/horaires\/\",\"name\":\"Horaires des entrainements et lieux de pratique - Les DRAGONS du Nord-Is\u00e8re - Baseball - Softball\",\"isPartOf\":{\"@id\":\"https:\/\/www.baseball-dragons.fr\/#website\"},\"primaryImageOfPage\":{\"@id\":\"https:\/\/www.baseball-dragons.fr\/index.php\/horaires\/#primaryimage\"},\"image\":{\"@id\":\"https:\/\/www.baseball-dragons.fr\/index.php\/horaires\/#primaryimage\"},\"thumbnailUrl\":\"http:\/\/www.baseball-dragons.fr\/wp-content\/uploads\/2025\/11\/horaires-et-Lieux-dentrainements2.png\",\"datePublished\":\"2022-08-08T09:35:51+00:00\",\"dateModified\":\"2025-11-27T22:02:09+00:00\",\"breadcrumb\":{\"@id\":\"https:\/\/www.baseball-dragons.fr\/index.php\/horaires\/#breadcrumb\"},\"inLanguage\":\"fr-FR\",\"potentialAction\":[{\"@type\":\"ReadAction\",\"target\":[\"https:\/\/www.baseball-dragons.fr\/index.php\/horaires\/\"]}]},{\"@type\":\"ImageObject\",\"inLanguage\":\"fr-FR\",\"@id\":\"https:\/\/www.baseball-dragons.fr\/index.php\/horaires\/#primaryimage\",\"url\":\"https:\/\/www.baseball-dragons.fr\/wp-content\/uploads\/2025\/11\/horaires-et-Lieux-dentrainements2.png\",\"contentUrl\":\"https:\/\/www.baseball-dragons.fr\/wp-content\/uploads\/2025\/11\/horaires-et-Lieux-dentrainements2.png\",\"width\":2191,\"height\":927},{\"@type\":\"BreadcrumbList\",\"@id\":\"https:\/\/www.baseball-dragons.fr\/index.php\/horaires\/#breadcrumb\",\"itemListElement\":[{\"@type\":\"ListItem\",\"position\":1,\"name\":\"Accueil\",\"item\":\"https:\/\/www.baseball-dragons.fr\/\"},{\"@type\":\"ListItem\",\"position\":2,\"name\":\"Horaires des entrainements et lieux de pratique\"}]},{\"@type\":\"WebSite\",\"@id\":\"https:\/\/www.baseball-dragons.fr\/#website\",\"url\":\"https:\/\/www.baseball-dragons.fr\/\",\"name\":\"Les DRAGONS du Nord-Is\u00e8re - Baseball - Softball\",\"description\":\"\u00e0 Villefontaine, Saint-Quentin-Fallavier, L&#039;Isle-d&#039;Abeau, La Verpilli\u00e8re ...  Let&#039;s Go Dragons !\",\"publisher\":{\"@id\":\"https:\/\/www.baseball-dragons.fr\/#organization\"},\"potentialAction\":[{\"@type\":\"SearchAction\",\"target\":{\"@type\":\"EntryPoint\",\"urlTemplate\":\"https:\/\/www.baseball-dragons.fr\/?s={search_term_string}\"},\"query-input\":{\"@type\":\"PropertyValueSpecification\",\"valueRequired\":true,\"valueName\":\"search_term_string\"}}],\"inLanguage\":\"fr-FR\"},{\"@type\":\"Organization\",\"@id\":\"https:\/\/www.baseball-dragons.fr\/#organization\",\"name\":\"LES DRAGONS\",\"url\":\"https:\/\/www.baseball-dragons.fr\/\",\"logo\":{\"@type\":\"ImageObject\",\"inLanguage\":\"fr-FR\",\"@id\":\"https:\/\/www.baseball-dragons.fr\/#\/schema\/logo\/image\/\",\"url\":\"https:\/\/www.baseball-dragons.fr\/wp-content\/uploads\/2019\/04\/Logo_ASVF.gif\",\"contentUrl\":\"https:\/\/www.baseball-dragons.fr\/wp-content\/uploads\/2019\/04\/Logo_ASVF.gif\",\"width\":448,\"height\":324,\"caption\":\"LES DRAGONS\"},\"image\":{\"@id\":\"https:\/\/www.baseball-dragons.fr\/#\/schema\/logo\/image\/\"},\"sameAs\":[\"https:\/\/www.facebook.com\/baseballdragonsfr\/\",\"https:\/\/x.com\/AsvfDragons\",\"https:\/\/www.instagram.com\/asvfbaseballdragons38090\/\"]}]}<\/script>\n<!-- \/ Yoast SEO plugin. -->","yoast_head_json":{"title":"Horaires des entrainements et lieux de pratique - Les DRAGONS du Nord-Is\u00e8re - Baseball - Softball","robots":{"index":"index","follow":"follow","max-snippet":"max-snippet:-1","max-image-preview":"max-image-preview:large","max-video-preview":"max-video-preview:-1"},"canonical":"https:\/\/www.baseball-dragons.fr\/index.php\/horaires\/","og_locale":"fr_FR","og_type":"article","og_title":"Horaires des entrainements et lieux de pratique - Les DRAGONS du Nord-Is\u00e8re - Baseball - Softball","og_description":"&nbsp; &nbsp; 4 lieux de pratique : Le Stade Perredi\u00e8re, Rue des Sports &#8211; 38090 &#8211; Villefontaine En voiture : se garer sur le parking circulaire \u00e0 c\u00f4t\u00e9 du skatepark puis suivre \u00e0 pieds la route goudronn\u00e9e entre le centre tennistique et le skatepark ; En bus : ligne A et B arr\u00eat \u00ab\u00a0Centre tennistique\u00a0\u00bb, [&hellip;]","og_url":"https:\/\/www.baseball-dragons.fr\/index.php\/horaires\/","og_site_name":"Les DRAGONS du Nord-Is\u00e8re - Baseball - Softball","article_publisher":"https:\/\/www.facebook.com\/baseballdragonsfr\/","article_modified_time":"2025-11-27T22:02:09+00:00","og_image":[{"width":2191,"height":927,"url":"https:\/\/www.baseball-dragons.fr\/wp-content\/uploads\/2025\/11\/horaires-et-Lieux-dentrainements2.png","type":"image\/png"}],"twitter_card":"summary_large_image","twitter_site":"@AsvfDragons","twitter_misc":{"Dur\u00e9e de lecture estim\u00e9e":"2 minutes"},"schema":{"@context":"https:\/\/schema.org","@graph":[{"@type":"WebPage","@id":"https:\/\/www.baseball-dragons.fr\/index.php\/horaires\/","url":"https:\/\/www.baseball-dragons.fr\/index.php\/horaires\/","name":"Horaires des entrainements et lieux de pratique - Les DRAGONS du Nord-Is\u00e8re - Baseball - Softball","isPartOf":{"@id":"https:\/\/www.baseball-dragons.fr\/#website"},"primaryImageOfPage":{"@id":"https:\/\/www.baseball-dragons.fr\/index.php\/horaires\/#primaryimage"},"image":{"@id":"https:\/\/www.baseball-dragons.fr\/index.php\/horaires\/#primaryimage"},"thumbnailUrl":"http:\/\/www.baseball-dragons.fr\/wp-content\/uploads\/2025\/11\/horaires-et-Lieux-dentrainements2.png","datePublished":"2022-08-08T09:35:51+00:00","dateModified":"2025-11-27T22:02:09+00:00","breadcrumb":{"@id":"https:\/\/www.baseball-dragons.fr\/index.php\/horaires\/#breadcrumb"},"inLanguage":"fr-FR","potentialAction":[{"@type":"ReadAction","target":["https:\/\/www.baseball-dragons.fr\/index.php\/horaires\/"]}]},{"@type":"ImageObject","inLanguage":"fr-FR","@id":"https:\/\/www.baseball-dragons.fr\/index.php\/horaires\/#primaryimage","url":"https:\/\/www.baseball-dragons.fr\/wp-content\/uploads\/2025\/11\/horaires-et-Lieux-dentrainements2.png","contentUrl":"https:\/\/www.baseball-dragons.fr\/wp-content\/uploads\/2025\/11\/horaires-et-Lieux-dentrainements2.png","width":2191,"height":927},{"@type":"BreadcrumbList","@id":"https:\/\/www.baseball-dragons.fr\/index.php\/horaires\/#breadcrumb","itemListElement":[{"@type":"ListItem","position":1,"name":"Accueil","item":"https:\/\/www.baseball-dragons.fr\/"},{"@type":"ListItem","position":2,"name":"Horaires des entrainements et lieux de pratique"}]},{"@type":"WebSite","@id":"https:\/\/www.baseball-dragons.fr\/#website","url":"https:\/\/www.baseball-dragons.fr\/","name":"Les DRAGONS du Nord-Is\u00e8re - Baseball - Softball","description":"\u00e0 Villefontaine, Saint-Quentin-Fallavier, L&#039;Isle-d&#039;Abeau, La Verpilli\u00e8re ...  Let&#039;s Go Dragons !","publisher":{"@id":"https:\/\/www.baseball-dragons.fr\/#organization"},"potentialAction":[{"@type":"SearchAction","target":{"@type":"EntryPoint","urlTemplate":"https:\/\/www.baseball-dragons.fr\/?s={search_term_string}"},"query-input":{"@type":"PropertyValueSpecification","valueRequired":true,"valueName":"search_term_string"}}],"inLanguage":"fr-FR"},{"@type":"Organization","@id":"https:\/\/www.baseball-dragons.fr\/#organization","name":"LES DRAGONS","url":"https:\/\/www.baseball-dragons.fr\/","logo":{"@type":"ImageObject","inLanguage":"fr-FR","@id":"https:\/\/www.baseball-dragons.fr\/#\/schema\/logo\/image\/","url":"https:\/\/www.baseball-dragons.fr\/wp-content\/uploads\/2019\/04\/Logo_ASVF.gif","contentUrl":"https:\/\/www.baseball-dragons.fr\/wp-content\/uploads\/2019\/04\/Logo_ASVF.gif","width":448,"height":324,"caption":"LES DRAGONS"},"image":{"@id":"https:\/\/www.baseball-dragons.fr\/#\/schema\/logo\/image\/"},"sameAs":["https:\/\/www.facebook.com\/baseballdragonsfr\/","https:\/\/x.com\/AsvfDragons","https:\/\/www.instagram.com\/asvfbaseballdragons38090\/"]}]}},"jetpack_sharing_enabled":true,"jetpack_shortlink":"https:\/\/wp.me\/P7VhYh-sP","_links":{"self":[{"href":"https:\/\/www.baseball-dragons.fr\/index.php\/wp-json\/wp\/v2\/pages\/1787","targetHints":{"allow":["GET"]}}],"collection":[{"href":"https:\/\/www.baseball-dragons.fr\/index.php\/wp-json\/wp\/v2\/pages"}],"about":[{"href":"https:\/\/www.baseball-dragons.fr\/index.php\/wp-json\/wp\/v2\/types\/page"}],"author":[{"embeddable":true,"href":"https:\/\/www.baseball-dragons.fr\/index.php\/wp-json\/wp\/v2\/users\/7"}],"replies":[{"embeddable":true,"href":"https:\/\/www.baseball-dragons.fr\/index.php\/wp-json\/wp\/v2\/comments?post=1787"}],"version-history":[{"count":36,"href":"https:\/\/www.baseball-dragons.fr\/index.php\/wp-json\/wp\/v2\/pages\/1787\/revisions"}],"predecessor-version":[{"id":3011,"href":"https:\/\/www.baseball-dragons.fr\/index.php\/wp-json\/wp\/v2\/pages\/1787\/revisions\/3011"}],"wp:attachment":[{"href":"https:\/\/www.baseball-dragons.fr\/index.php\/wp-json\/wp\/v2\/media?parent=1787"}],"curies":[{"name":"wp","href":"https:\/\/api.w.org\/{rel}","templated":true}]}}